{"id":468752,"date":"2025-06-01T04:09:45","date_gmt":"2025-06-01T02:09:45","guid":{"rendered":"https:\/\/lucacastelli.com\/?post_type=product&#038;p=468752"},"modified":"2025-07-03T09:58:08","modified_gmt":"2025-07-03T07:58:08","slug":"diamanttrennscheiben-d-sb90-400x32-mm","status":"publish","type":"product","link":"https:\/\/lucacastelli.com\/de\/produkt\/diamanttrennscheiben-d-sb90-400x32-mm\/","title":{"rendered":"Diamanttrennscheiben D-SB90, 400&#215;3,2 mm"},"content":{"rendered":"<p>Professionelle Scheibe f\u00fcr den universellen Einsatz. Geeignet f\u00fcr Ziegel-, Beton-, Klinker-, Granit- und Sph\u00e4rogussrohre. Hochtemperaturbest\u00e4ndige Segmentkonstruktion, daher empfohlen f\u00fcr das Schneiden von Baustahl bis zu einer Dicke von 10 mm. Auch f\u00fcr die Beseitigung von Tr\u00fcmmern durch den Katastrophenschutz<br \/>\nempfohlen 886661609512  <\/p>\n","protected":false},"excerpt":{"rendered":"<p>Diamanttrennscheiben D-SB90, 400&#215;3,2 mm<\/p>\n","protected":false},"featured_media":482270,"template":"","meta":{"_seopress_robots_primary_cat":"","_seopress_titles_title":"","_seopress_titles_desc":"","_seopress_robots_index":""},"product_brand":[3366],"product_cat":[29,495,496],"product_tag":[3265],"class_list":{"0":"post-468752","1":"product","2":"type-product","3":"status-publish","4":"has-post-thumbnail","6":"product_brand-stihl","7":"product_cat-macchinari","8":"product_cat-troncatrici-e-mototroncatrici","9":"product_cat-troncatrici","10":"product_tag-import-stihl","11":"sws-gruppo-abb-libero","12":"sws-conto-ricavi-merci-rivendita-abbigliamento","13":"sws-gruppo-iva-iva81","15":"first","16":"onbackorder","17":"purchasable","18":"product-type-simple"},"_links":{"self":[{"href":"https:\/\/lucacastelli.com\/de\/wp-json\/wp\/v2\/product\/468752","targetHints":{"allow":["GET"]}}],"collection":[{"href":"https:\/\/lucacastelli.com\/de\/wp-json\/wp\/v2\/product"}],"about":[{"href":"https:\/\/lucacastelli.com\/de\/wp-json\/wp\/v2\/types\/product"}],"wp:featuredmedia":[{"embeddable":true,"href":"https:\/\/lucacastelli.com\/de\/wp-json\/wp\/v2\/media\/482270"}],"wp:attachment":[{"href":"https:\/\/lucacastelli.com\/de\/wp-json\/wp\/v2\/media?parent=468752"}],"wp:term":[{"taxonomy":"product_brand","embeddable":true,"href":"https:\/\/lucacastelli.com\/de\/wp-json\/wp\/v2\/product_brand?post=468752"},{"taxonomy":"product_cat","embeddable":true,"href":"https:\/\/lucacastelli.com\/de\/wp-json\/wp\/v2\/product_cat?post=468752"},{"taxonomy":"product_tag","embeddable":true,"href":"https:\/\/lucacastelli.com\/de\/wp-json\/wp\/v2\/product_tag?post=468752"}],"curies":[{"name":"wp","href":"https:\/\/api.w.org\/{rel}","templated":true}]}}