{"id":466653,"date":"2025-06-01T02:31:43","date_gmt":"2025-06-01T00:31:43","guid":{"rendered":"https:\/\/lucacastelli.com\/prodotto\/gepolstertes-stuetzset\/"},"modified":"2025-06-01T02:31:43","modified_gmt":"2025-06-01T00:31:43","slug":"gepolstertes-stuetzset","status":"publish","type":"product","link":"https:\/\/lucacastelli.com\/de\/produkt\/gepolstertes-stuetzset\/","title":{"rendered":"Gepolstertes St\u00fctzset"},"content":{"rendered":"<p>Gepolstertes St\u00fctzset Passend f\u00fcr alle FS Schultergurte der ADVANCE Serie ohne Komforthaken. Mit Schultergurtadapter zur Befestigung der gepolsterten Halterung f\u00fcr FSA und BGA an dem Tragesystem und Gurt der AR Rucksack Akkus.<br \/>\n886661552917 <\/p>\n","protected":false},"excerpt":{"rendered":"<p>Gepolstertes St\u00fctzset<\/p>\n","protected":false},"featured_media":424891,"template":"","meta":{"_seopress_robots_primary_cat":"","_seopress_titles_title":"","_seopress_titles_desc":"","_seopress_robots_index":""},"product_brand":[3366],"product_cat":[29,485,490],"product_tag":[3265],"class_list":{"0":"post-466653","1":"product","2":"type-product","3":"status-publish","4":"has-post-thumbnail","6":"product_brand-stihl","7":"product_cat-macchinari","8":"product_cat-soffiatori-e-aspiratori","9":"product_cat-accessori-e-materiale-di-consumo-soffiatori-e-aspiratori","10":"product_tag-import-stihl","11":"sws-gruppo-macchinari-de","12":"sws-conto-ricavi-merci-rivendita-macchinari-de","13":"sws-gruppo-iva-iva81-de","15":"first","16":"onbackorder","17":"purchasable","18":"product-type-simple"},"_links":{"self":[{"href":"https:\/\/lucacastelli.com\/de\/wp-json\/wp\/v2\/product\/466653","targetHints":{"allow":["GET"]}}],"collection":[{"href":"https:\/\/lucacastelli.com\/de\/wp-json\/wp\/v2\/product"}],"about":[{"href":"https:\/\/lucacastelli.com\/de\/wp-json\/wp\/v2\/types\/product"}],"wp:featuredmedia":[{"embeddable":true,"href":"https:\/\/lucacastelli.com\/de\/wp-json\/wp\/v2\/media\/424891"}],"wp:attachment":[{"href":"https:\/\/lucacastelli.com\/de\/wp-json\/wp\/v2\/media?parent=466653"}],"wp:term":[{"taxonomy":"product_brand","embeddable":true,"href":"https:\/\/lucacastelli.com\/de\/wp-json\/wp\/v2\/product_brand?post=466653"},{"taxonomy":"product_cat","embeddable":true,"href":"https:\/\/lucacastelli.com\/de\/wp-json\/wp\/v2\/product_cat?post=466653"},{"taxonomy":"product_tag","embeddable":true,"href":"https:\/\/lucacastelli.com\/de\/wp-json\/wp\/v2\/product_tag?post=466653"}],"curies":[{"name":"wp","href":"https:\/\/api.w.org\/{rel}","templated":true}]}}