{"id":466650,"date":"2025-06-01T01:18:10","date_gmt":"2025-05-31T23:18:10","guid":{"rendered":"https:\/\/lucacastelli.com\/prodotto\/rt-4082\/"},"modified":"2026-04-13T16:23:27","modified_gmt":"2026-04-13T14:23:27","slug":"rt-4082","status":"publish","type":"product","link":"https:\/\/lucacastelli.com\/de\/produkt\/rt-4082\/","title":{"rendered":"Rasenm\u00e4her STIHL RT 4082"},"content":{"rendered":"<p>Wendiger und kompakter Gartenrasenm\u00e4her mit hohem Bedien- und Fahrkomfort. F\u00fcr die Pflege noch gr\u00f6\u00dferer Rasenfl\u00e4chen. Mit STIHL-spezifischem 1-Pedal-Antrieb.<br \/>\n886661590322  <\/p>\n<p>Hubraum 452<br \/>\nCO2 CO2<\/p>\n<p>Motortyp Motortyp<br \/>\nGewicht 203,0<br \/>\nMax. Rasenfl\u00e4che 4000 <\/p>\n","protected":false},"excerpt":{"rendered":"<p>RT 4082<\/p>\n","protected":false},"featured_media":437850,"template":"","meta":{"_seopress_robots_primary_cat":"none","_seopress_titles_title":"","_seopress_titles_desc":"","_seopress_robots_index":""},"product_brand":[3366],"product_cat":[29,487],"product_tag":[3265],"class_list":{"0":"post-466650","1":"product","2":"type-product","3":"status-publish","4":"has-post-thumbnail","6":"product_brand-stihl","7":"product_cat-macchinari","8":"product_cat-trattorini-tosaerba","9":"product_tag-import-stihl","10":"sws-gruppo-macchinari-de","11":"sws-conto-ricavi-merci-rivendita-macchinari-de","12":"sws-gruppo-iva-iva81-de","14":"first","15":"onbackorder","16":"purchasable","17":"product-type-simple"},"_links":{"self":[{"href":"https:\/\/lucacastelli.com\/de\/wp-json\/wp\/v2\/product\/466650","targetHints":{"allow":["GET"]}}],"collection":[{"href":"https:\/\/lucacastelli.com\/de\/wp-json\/wp\/v2\/product"}],"about":[{"href":"https:\/\/lucacastelli.com\/de\/wp-json\/wp\/v2\/types\/product"}],"wp:featuredmedia":[{"embeddable":true,"href":"https:\/\/lucacastelli.com\/de\/wp-json\/wp\/v2\/media\/437850"}],"wp:attachment":[{"href":"https:\/\/lucacastelli.com\/de\/wp-json\/wp\/v2\/media?parent=466650"}],"wp:term":[{"taxonomy":"product_brand","embeddable":true,"href":"https:\/\/lucacastelli.com\/de\/wp-json\/wp\/v2\/product_brand?post=466650"},{"taxonomy":"product_cat","embeddable":true,"href":"https:\/\/lucacastelli.com\/de\/wp-json\/wp\/v2\/product_cat?post=466650"},{"taxonomy":"product_tag","embeddable":true,"href":"https:\/\/lucacastelli.com\/de\/wp-json\/wp\/v2\/product_tag?post=466650"}],"curies":[{"name":"wp","href":"https:\/\/api.w.org\/{rel}","templated":true}]}}