{"id":466639,"date":"2025-06-01T01:01:12","date_gmt":"2025-05-31T23:01:12","guid":{"rendered":"https:\/\/lucacastelli.com\/prodotto\/entsorgungsbeutel\/"},"modified":"2025-06-28T19:06:08","modified_gmt":"2025-06-28T17:06:08","slug":"entsorgungsbeutel","status":"publish","type":"product","link":"https:\/\/lucacastelli.com\/de\/produkt\/entsorgungsbeutel\/","title":{"rendered":"STIHL Entsorgungsbeutel"},"content":{"rendered":"<p>F\u00fcr eine einfache und staubfreie Entsorgung. Packung mit 5 St\u00fcck aus Kunststoff f\u00fcr SE 133 ME.<br \/>\n886661548163 <\/p>\n","protected":false},"excerpt":{"rendered":"<p>Entsorgungsbeutel<\/p>\n","protected":false},"featured_media":431554,"template":"","meta":{"_seopress_robots_primary_cat":"","_seopress_titles_title":"","_seopress_titles_desc":"","_seopress_robots_index":""},"product_brand":[3554],"product_cat":[1454,169,1475,1455],"product_tag":[3266],"class_list":{"0":"post-466639","1":"product","2":"type-product","3":"status-publish","4":"has-post-thumbnail","6":"product_brand-stihl-de","7":"product_cat-andere-gerate","8":"product_cat-maschinen","9":"product_cat-staubsauger","10":"product_cat-zubehor-und-verbrauchsmaterial-de","11":"product_tag-import-stihl-de","12":"sws-gruppo-macchinari-de","13":"sws-conto-ricavi-merci-rivendita-macchinari-de","14":"sws-gruppo-iva-iva81-de","16":"first","17":"onbackorder","18":"purchasable","19":"product-type-simple"},"_links":{"self":[{"href":"https:\/\/lucacastelli.com\/de\/wp-json\/wp\/v2\/product\/466639","targetHints":{"allow":["GET"]}}],"collection":[{"href":"https:\/\/lucacastelli.com\/de\/wp-json\/wp\/v2\/product"}],"about":[{"href":"https:\/\/lucacastelli.com\/de\/wp-json\/wp\/v2\/types\/product"}],"wp:featuredmedia":[{"embeddable":true,"href":"https:\/\/lucacastelli.com\/de\/wp-json\/wp\/v2\/media\/431554"}],"wp:attachment":[{"href":"https:\/\/lucacastelli.com\/de\/wp-json\/wp\/v2\/media?parent=466639"}],"wp:term":[{"taxonomy":"product_brand","embeddable":true,"href":"https:\/\/lucacastelli.com\/de\/wp-json\/wp\/v2\/product_brand?post=466639"},{"taxonomy":"product_cat","embeddable":true,"href":"https:\/\/lucacastelli.com\/de\/wp-json\/wp\/v2\/product_cat?post=466639"},{"taxonomy":"product_tag","embeddable":true,"href":"https:\/\/lucacastelli.com\/de\/wp-json\/wp\/v2\/product_tag?post=466639"}],"curies":[{"name":"wp","href":"https:\/\/api.w.org\/{rel}","templated":true}]}}