{"id":466636,"date":"2025-06-01T01:03:01","date_gmt":"2025-05-31T23:03:01","guid":{"rendered":"https:\/\/lucacastelli.com\/prodotto\/flache-duese-2\/"},"modified":"2025-06-28T03:52:03","modified_gmt":"2025-06-28T01:52:03","slug":"flache-duese-2","status":"publish","type":"product","link":"https:\/\/lucacastelli.com\/de\/produkt\/flache-duese-2\/","title":{"rendered":"STIHL Flache D\u00fcse"},"content":{"rendered":"<p>Er erleichtert die Entfernung von schweren oder nassen R\u00fcckst\u00e4nden dank der hohen Leistung des Strahls. F\u00fcr BGA 56 und BGA 100.<br \/>\n886661754571 <\/p>\n","protected":false},"excerpt":{"rendered":"<p>Flache D\u00fcse<\/p>\n","protected":false},"featured_media":455952,"template":"","meta":{"_seopress_robots_primary_cat":"","_seopress_titles_title":"","_seopress_titles_desc":"","_seopress_robots_index":""},"product_brand":[3554],"product_cat":[169,1641,1654],"product_tag":[3266],"class_list":{"0":"post-466636","1":"product","2":"type-product","3":"status-publish","4":"has-post-thumbnail","6":"product_brand-stihl-de","7":"product_cat-maschinen","8":"product_cat-geblase-und-staubsauger","9":"product_cat-akku-geblase","10":"product_tag-import-stihl-de","11":"sws-gruppo-macchinari-de","12":"sws-conto-ricavi-merci-rivendita-macchinari-de","13":"sws-gruppo-iva-iva81-de","15":"first","16":"onbackorder","17":"purchasable","18":"product-type-simple"},"_links":{"self":[{"href":"https:\/\/lucacastelli.com\/de\/wp-json\/wp\/v2\/product\/466636","targetHints":{"allow":["GET"]}}],"collection":[{"href":"https:\/\/lucacastelli.com\/de\/wp-json\/wp\/v2\/product"}],"about":[{"href":"https:\/\/lucacastelli.com\/de\/wp-json\/wp\/v2\/types\/product"}],"wp:featuredmedia":[{"embeddable":true,"href":"https:\/\/lucacastelli.com\/de\/wp-json\/wp\/v2\/media\/455952"}],"wp:attachment":[{"href":"https:\/\/lucacastelli.com\/de\/wp-json\/wp\/v2\/media?parent=466636"}],"wp:term":[{"taxonomy":"product_brand","embeddable":true,"href":"https:\/\/lucacastelli.com\/de\/wp-json\/wp\/v2\/product_brand?post=466636"},{"taxonomy":"product_cat","embeddable":true,"href":"https:\/\/lucacastelli.com\/de\/wp-json\/wp\/v2\/product_cat?post=466636"},{"taxonomy":"product_tag","embeddable":true,"href":"https:\/\/lucacastelli.com\/de\/wp-json\/wp\/v2\/product_tag?post=466636"}],"curies":[{"name":"wp","href":"https:\/\/api.w.org\/{rel}","templated":true}]}}