{"id":466633,"date":"2025-06-01T01:00:46","date_gmt":"2025-05-31T23:00:46","guid":{"rendered":"https:\/\/lucacastelli.com\/prodotto\/verlaengerungsrohr-2-stueck-laenge-1000mm-aluminium\/"},"modified":"2025-06-28T19:06:05","modified_gmt":"2025-06-28T17:06:05","slug":"verlaengerungsrohr-2-stueck-laenge-1000mm-aluminium","status":"publish","type":"product","link":"https:\/\/lucacastelli.com\/de\/produkt\/verlaengerungsrohr-2-stueck-laenge-1000mm-aluminium\/","title":{"rendered":"STIHL Verl\u00e4ngerungsrohr, 2 St\u00fcck, L\u00e4nge 1000mm, Aluminium"},"content":{"rendered":"<p>Verl\u00e4ngerungsh\u00fclsen aus Aluminium mit integriertem Rohrgriff.<br \/>\n886661125722<\/p>\n","protected":false},"excerpt":{"rendered":"<p>Verl\u00e4ngerungsrohr, 2 St\u00fcck, L\u00e4nge 1000mm, Aluminium<\/p>\n","protected":false},"featured_media":423189,"template":"","meta":{"_seopress_robots_primary_cat":"","_seopress_titles_title":"","_seopress_titles_desc":"","_seopress_robots_index":""},"product_brand":[3554],"product_cat":[1454,169,1475,1455],"product_tag":[3266],"class_list":{"0":"post-466633","1":"product","2":"type-product","3":"status-publish","4":"has-post-thumbnail","6":"product_brand-stihl-de","7":"product_cat-andere-gerate","8":"product_cat-maschinen","9":"product_cat-staubsauger","10":"product_cat-zubehor-und-verbrauchsmaterial-de","11":"product_tag-import-stihl-de","12":"sws-gruppo-macchinari-de","13":"sws-conto-ricavi-merci-rivendita-macchinari-de","14":"sws-gruppo-iva-iva81-de","16":"first","17":"onbackorder","18":"purchasable","19":"product-type-simple"},"_links":{"self":[{"href":"https:\/\/lucacastelli.com\/de\/wp-json\/wp\/v2\/product\/466633","targetHints":{"allow":["GET"]}}],"collection":[{"href":"https:\/\/lucacastelli.com\/de\/wp-json\/wp\/v2\/product"}],"about":[{"href":"https:\/\/lucacastelli.com\/de\/wp-json\/wp\/v2\/types\/product"}],"wp:featuredmedia":[{"embeddable":true,"href":"https:\/\/lucacastelli.com\/de\/wp-json\/wp\/v2\/media\/423189"}],"wp:attachment":[{"href":"https:\/\/lucacastelli.com\/de\/wp-json\/wp\/v2\/media?parent=466633"}],"wp:term":[{"taxonomy":"product_brand","embeddable":true,"href":"https:\/\/lucacastelli.com\/de\/wp-json\/wp\/v2\/product_brand?post=466633"},{"taxonomy":"product_cat","embeddable":true,"href":"https:\/\/lucacastelli.com\/de\/wp-json\/wp\/v2\/product_cat?post=466633"},{"taxonomy":"product_tag","embeddable":true,"href":"https:\/\/lucacastelli.com\/de\/wp-json\/wp\/v2\/product_tag?post=466633"}],"curies":[{"name":"wp","href":"https:\/\/api.w.org\/{rel}","templated":true}]}}