{"id":466629,"date":"2025-06-01T00:58:58","date_gmt":"2025-05-31T22:58:58","guid":{"rendered":"https:\/\/lucacastelli.com\/prodotto\/nasssaugbuerste-o-36-mm\/"},"modified":"2025-09-05T20:10:06","modified_gmt":"2025-09-05T18:10:06","slug":"nasssaugbuerste-o-36-mm","status":"publish","type":"product","link":"https:\/\/lucacastelli.com\/de\/produkt\/nasssaugbuerste-o-36-mm\/","title":{"rendered":"STIHL Nasssaugb\u00fcrste \u00d8 36 mm"},"content":{"rendered":"<p>Breite 300 mm. F\u00fcr Nassabsaugung, f\u00fcr SE 33 &#8211; SE 133 ME.<br \/>\n795711198022<\/p>\n","protected":false},"excerpt":{"rendered":"<p>Nasssaugb\u00fcrste \u00d8 36 mm<\/p>\n","protected":false},"featured_media":431484,"template":"","meta":{"_seopress_robots_primary_cat":"","_seopress_titles_title":"","_seopress_titles_desc":"","_seopress_robots_index":""},"product_brand":[3366],"product_cat":[29,514,515,517],"product_tag":[3265],"class_list":{"0":"post-466629","1":"product","2":"type-product","3":"status-publish","4":"has-post-thumbnail","6":"product_brand-stihl","7":"product_cat-macchinari","8":"product_cat-altri-dispositivi","9":"product_cat-accessori-e-materiale-di-consumo-altri-dispositivi","10":"product_cat-aspiratori-per-la-pulizia","11":"product_tag-import-stihl","12":"sws-gruppo-macchinari-de","13":"sws-conto-ricavi-merci-rivendita-macchinari-de","14":"sws-gruppo-iva-iva81-de","16":"first","17":"onbackorder","18":"purchasable","19":"product-type-simple"},"_links":{"self":[{"href":"https:\/\/lucacastelli.com\/de\/wp-json\/wp\/v2\/product\/466629","targetHints":{"allow":["GET"]}}],"collection":[{"href":"https:\/\/lucacastelli.com\/de\/wp-json\/wp\/v2\/product"}],"about":[{"href":"https:\/\/lucacastelli.com\/de\/wp-json\/wp\/v2\/types\/product"}],"wp:featuredmedia":[{"embeddable":true,"href":"https:\/\/lucacastelli.com\/de\/wp-json\/wp\/v2\/media\/431484"}],"wp:attachment":[{"href":"https:\/\/lucacastelli.com\/de\/wp-json\/wp\/v2\/media?parent=466629"}],"wp:term":[{"taxonomy":"product_brand","embeddable":true,"href":"https:\/\/lucacastelli.com\/de\/wp-json\/wp\/v2\/product_brand?post=466629"},{"taxonomy":"product_cat","embeddable":true,"href":"https:\/\/lucacastelli.com\/de\/wp-json\/wp\/v2\/product_cat?post=466629"},{"taxonomy":"product_tag","embeddable":true,"href":"https:\/\/lucacastelli.com\/de\/wp-json\/wp\/v2\/product_tag?post=466629"}],"curies":[{"name":"wp","href":"https:\/\/api.w.org\/{rel}","templated":true}]}}