{"id":466621,"date":"2025-06-01T00:50:22","date_gmt":"2025-05-31T22:50:22","guid":{"rendered":"https:\/\/lucacastelli.com\/prodotto\/sg-11-plus\/"},"modified":"2026-03-02T10:06:20","modified_gmt":"2026-03-02T09:06:20","slug":"sg-11-plus","status":"publish","type":"product","link":"https:\/\/lucacastelli.com\/de\/produkt\/sg-11-plus\/","title":{"rendered":"STIHL SG 11 PLUS"},"content":{"rendered":"<p>Handspr\u00fchger\u00e4t zum Ausbringen von Reinigungs- und L\u00f6sungsmitteln, z. B. Varioclean. F\u00fcllinhalt 1,5 l, maximaler Druck 3 bar, FPM-Dichtungen f\u00fcr Reinigungs- und L\u00f6sungsmittel mit einem pH-Wert von 1 bis 9. F\u00fcr eine lange Lebensdauer ist die Pumpe mit einem speziellen Schutzelement ausgestattet.<br \/>\n886661201051  <\/p>\n","protected":false},"excerpt":{"rendered":"<p>SG 11 PLUS<\/p>\n","protected":false},"featured_media":431180,"template":"","meta":{"_seopress_robots_primary_cat":"none","_seopress_titles_title":"","_seopress_titles_desc":"","_seopress_robots_index":""},"product_brand":[3554],"product_cat":[169,1566,1577],"product_tag":[3266],"class_list":{"0":"post-466621","1":"product","2":"type-product","3":"status-publish","4":"has-post-thumbnail","6":"product_brand-stihl-de","7":"product_cat-maschinen","8":"product_cat-nebelgeblase-und-spruhgerate","9":"product_cat-spruhgerate-de","10":"product_tag-import-stihl-de","11":"sws-gruppo-macchinari-de","12":"sws-conto-ricavi-merci-rivendita-macchinari-de","13":"sws-gruppo-iva-iva81-de","15":"first","16":"onbackorder","17":"purchasable","18":"product-type-simple"},"_links":{"self":[{"href":"https:\/\/lucacastelli.com\/de\/wp-json\/wp\/v2\/product\/466621","targetHints":{"allow":["GET"]}}],"collection":[{"href":"https:\/\/lucacastelli.com\/de\/wp-json\/wp\/v2\/product"}],"about":[{"href":"https:\/\/lucacastelli.com\/de\/wp-json\/wp\/v2\/types\/product"}],"wp:featuredmedia":[{"embeddable":true,"href":"https:\/\/lucacastelli.com\/de\/wp-json\/wp\/v2\/media\/431180"}],"wp:attachment":[{"href":"https:\/\/lucacastelli.com\/de\/wp-json\/wp\/v2\/media?parent=466621"}],"wp:term":[{"taxonomy":"product_brand","embeddable":true,"href":"https:\/\/lucacastelli.com\/de\/wp-json\/wp\/v2\/product_brand?post=466621"},{"taxonomy":"product_cat","embeddable":true,"href":"https:\/\/lucacastelli.com\/de\/wp-json\/wp\/v2\/product_cat?post=466621"},{"taxonomy":"product_tag","embeddable":true,"href":"https:\/\/lucacastelli.com\/de\/wp-json\/wp\/v2\/product_tag?post=466621"}],"curies":[{"name":"wp","href":"https:\/\/api.w.org\/{rel}","templated":true}]}}