{"id":466608,"date":"2025-06-01T00:50:15","date_gmt":"2025-05-31T22:50:15","guid":{"rendered":"https:\/\/lucacastelli.com\/prodotto\/erdbohrer-o-200mm\/"},"modified":"2025-06-28T20:04:40","modified_gmt":"2025-06-28T18:04:40","slug":"erdbohrer-o-200mm","status":"publish","type":"product","link":"https:\/\/lucacastelli.com\/de\/produkt\/erdbohrer-o-200mm\/","title":{"rendered":"STIHL Erdbohrer, \u00d8 200mm"},"content":{"rendered":"<p>F\u00fcr alle Bodenverh\u00e4ltnisse.<\/p>\n<p>795711086275 Durchmesser \u00d8 200 mm, 8&#8243;<\/p>\n","protected":false},"excerpt":{"rendered":"<p>Erdbohrer, \u00d8 200mm<\/p>\n","protected":false},"featured_media":430987,"template":"","meta":{"_seopress_robots_primary_cat":"","_seopress_titles_title":"","_seopress_titles_desc":"","_seopress_robots_index":""},"product_brand":[3554],"product_cat":[169,1454,1560],"product_tag":[3266],"class_list":{"0":"post-466608","1":"product","2":"type-product","3":"status-publish","4":"has-post-thumbnail","6":"product_brand-stihl-de","7":"product_cat-maschinen","8":"product_cat-andere-gerate","9":"product_cat-bohrer","10":"product_tag-import-stihl-de","11":"sws-gruppo-macchinari-de","12":"sws-conto-ricavi-merci-rivendita-macchinari-de","13":"sws-gruppo-iva-iva81-de","15":"first","16":"onbackorder","17":"sale","18":"purchasable","19":"product-type-simple"},"_links":{"self":[{"href":"https:\/\/lucacastelli.com\/de\/wp-json\/wp\/v2\/product\/466608","targetHints":{"allow":["GET"]}}],"collection":[{"href":"https:\/\/lucacastelli.com\/de\/wp-json\/wp\/v2\/product"}],"about":[{"href":"https:\/\/lucacastelli.com\/de\/wp-json\/wp\/v2\/types\/product"}],"wp:featuredmedia":[{"embeddable":true,"href":"https:\/\/lucacastelli.com\/de\/wp-json\/wp\/v2\/media\/430987"}],"wp:attachment":[{"href":"https:\/\/lucacastelli.com\/de\/wp-json\/wp\/v2\/media?parent=466608"}],"wp:term":[{"taxonomy":"product_brand","embeddable":true,"href":"https:\/\/lucacastelli.com\/de\/wp-json\/wp\/v2\/product_brand?post=466608"},{"taxonomy":"product_cat","embeddable":true,"href":"https:\/\/lucacastelli.com\/de\/wp-json\/wp\/v2\/product_cat?post=466608"},{"taxonomy":"product_tag","embeddable":true,"href":"https:\/\/lucacastelli.com\/de\/wp-json\/wp\/v2\/product_tag?post=466608"}],"curies":[{"name":"wp","href":"https:\/\/api.w.org\/{rel}","templated":true}]}}