{"id":466590,"date":"2025-06-01T00:47:36","date_gmt":"2025-05-31T22:47:36","guid":{"rendered":"https:\/\/lucacastelli.com\/prodotto\/bf-km\/"},"modified":"2025-11-23T21:42:05","modified_gmt":"2025-11-23T20:42:05","slug":"bf-km","status":"publish","type":"product","link":"https:\/\/lucacastelli.com\/de\/produkt\/bf-km\/","title":{"rendered":"STIHL BF-KM"},"content":{"rendered":"<p>Bodenfr\u00e4se f\u00fcr den Kombi-Motor. Die Motorhacke ist ein wertvolles Hilfsmittel bei der Bodenbearbeitung und der Bel\u00fcftung von Rasenfl\u00e4chen. Sehr praktisch bei Anbauarbeiten, die auf engstem Raum durchgef\u00fchrt werden sollen. Gewicht: 4,1 kg. Gesamtl\u00e4nge: 103 cm.<br \/>\n795711319076    <\/p>\n","protected":false},"excerpt":{"rendered":"<p>BF-KM<\/p>\n","protected":false},"featured_media":430924,"template":"","meta":{"_seopress_robots_primary_cat":"","_seopress_titles_title":"","_seopress_titles_desc":"","_seopress_robots_index":""},"product_brand":[3366],"product_cat":[29,296],"product_tag":[3265],"class_list":{"0":"post-466590","1":"product","2":"type-product","3":"status-publish","4":"has-post-thumbnail","6":"product_brand-stihl","7":"product_cat-macchinari","8":"product_cat-sistemi-kombi-e-multi","9":"product_tag-import-stihl","10":"sws-gruppo-macchinari-de","11":"sws-conto-ricavi-merci-rivendita-macchinari-de","12":"sws-gruppo-iva-iva81-de","14":"first","15":"onbackorder","16":"sale","17":"purchasable","18":"product-type-simple"},"_links":{"self":[{"href":"https:\/\/lucacastelli.com\/de\/wp-json\/wp\/v2\/product\/466590","targetHints":{"allow":["GET"]}}],"collection":[{"href":"https:\/\/lucacastelli.com\/de\/wp-json\/wp\/v2\/product"}],"about":[{"href":"https:\/\/lucacastelli.com\/de\/wp-json\/wp\/v2\/types\/product"}],"wp:featuredmedia":[{"embeddable":true,"href":"https:\/\/lucacastelli.com\/de\/wp-json\/wp\/v2\/media\/430924"}],"wp:attachment":[{"href":"https:\/\/lucacastelli.com\/de\/wp-json\/wp\/v2\/media?parent=466590"}],"wp:term":[{"taxonomy":"product_brand","embeddable":true,"href":"https:\/\/lucacastelli.com\/de\/wp-json\/wp\/v2\/product_brand?post=466590"},{"taxonomy":"product_cat","embeddable":true,"href":"https:\/\/lucacastelli.com\/de\/wp-json\/wp\/v2\/product_cat?post=466590"},{"taxonomy":"product_tag","embeddable":true,"href":"https:\/\/lucacastelli.com\/de\/wp-json\/wp\/v2\/product_tag?post=466590"}],"curies":[{"name":"wp","href":"https:\/\/api.w.org\/{rel}","templated":true}]}}