{"id":466587,"date":"2025-06-01T00:49:19","date_gmt":"2025-05-31T22:49:19","guid":{"rendered":"https:\/\/lucacastelli.com\/prodotto\/geschliffener-bohrer-fuer-bt-360-o-350mm\/"},"modified":"2025-06-28T20:03:25","modified_gmt":"2025-06-28T18:03:25","slug":"geschliffener-bohrer-fuer-bt-360-o-350mm","status":"publish","type":"product","link":"https:\/\/lucacastelli.com\/de\/produkt\/geschliffener-bohrer-fuer-bt-360-o-350mm\/","title":{"rendered":"STIHL Geschliffener Bohrer f\u00fcr BT 360, \u00d8 350mm"},"content":{"rendered":"<p>F\u00fcr alle Bodenverh\u00e4ltnisse.<\/p>\n<p>795711053192 Durchmesser \u00d8 350 mm, 14&#8243;<\/p>\n","protected":false},"excerpt":{"rendered":"<p>Geschliffener Bohrer f\u00fcr BT 360, \u00d8 350mm<\/p>\n","protected":false},"featured_media":430987,"template":"","meta":{"_seopress_robots_primary_cat":"","_seopress_titles_title":"","_seopress_titles_desc":"","_seopress_robots_index":""},"product_brand":[3554],"product_cat":[1454,1560,169],"product_tag":[3266],"class_list":{"0":"post-466587","1":"product","2":"type-product","3":"status-publish","4":"has-post-thumbnail","6":"product_brand-stihl-de","7":"product_cat-andere-gerate","8":"product_cat-bohrer","9":"product_cat-maschinen","10":"product_tag-import-stihl-de","11":"sws-gruppo-macchinari-de","12":"sws-conto-ricavi-merci-rivendita-macchinari-de","13":"sws-gruppo-iva-iva81-de","15":"first","16":"onbackorder","17":"sale","18":"purchasable","19":"product-type-simple"},"_links":{"self":[{"href":"https:\/\/lucacastelli.com\/de\/wp-json\/wp\/v2\/product\/466587","targetHints":{"allow":["GET"]}}],"collection":[{"href":"https:\/\/lucacastelli.com\/de\/wp-json\/wp\/v2\/product"}],"about":[{"href":"https:\/\/lucacastelli.com\/de\/wp-json\/wp\/v2\/types\/product"}],"wp:featuredmedia":[{"embeddable":true,"href":"https:\/\/lucacastelli.com\/de\/wp-json\/wp\/v2\/media\/430987"}],"wp:attachment":[{"href":"https:\/\/lucacastelli.com\/de\/wp-json\/wp\/v2\/media?parent=466587"}],"wp:term":[{"taxonomy":"product_brand","embeddable":true,"href":"https:\/\/lucacastelli.com\/de\/wp-json\/wp\/v2\/product_brand?post=466587"},{"taxonomy":"product_cat","embeddable":true,"href":"https:\/\/lucacastelli.com\/de\/wp-json\/wp\/v2\/product_cat?post=466587"},{"taxonomy":"product_tag","embeddable":true,"href":"https:\/\/lucacastelli.com\/de\/wp-json\/wp\/v2\/product_tag?post=466587"}],"curies":[{"name":"wp","href":"https:\/\/api.w.org\/{rel}","templated":true}]}}