{"id":466585,"date":"2025-06-01T00:47:27","date_gmt":"2025-05-31T22:47:27","guid":{"rendered":"https:\/\/lucacastelli.com\/prodotto\/kb-km\/"},"modified":"2025-06-28T20:04:27","modified_gmt":"2025-06-28T18:04:27","slug":"kb-km","status":"publish","type":"product","link":"https:\/\/lucacastelli.com\/de\/produkt\/kb-km\/","title":{"rendered":"STIHL KB-KM"},"content":{"rendered":"<p>Kreiselmopp f\u00fcr den Einsatz an Kombi-Motoren. Die robusten Borsten entfernen Schmutz auch von tiefen Kratzern und Fugen. Durch die gegenl\u00e4ufige Drehung der B\u00fcrsten wird der zu entfernende Schmutz nach vorne geschoben. Gewicht: 6,4 kg. Gesamtl\u00e4nge: 120 cm.<br \/>\n795711319175    <\/p>\n","protected":false},"excerpt":{"rendered":"<p>KB-KM<\/p>\n","protected":false},"featured_media":430916,"template":"","meta":{"_seopress_robots_primary_cat":"","_seopress_titles_title":"","_seopress_titles_desc":"","_seopress_robots_index":""},"product_brand":[3554],"product_cat":[1639,169],"product_tag":[3266],"class_list":{"0":"post-466585","1":"product","2":"type-product","3":"status-publish","4":"has-post-thumbnail","6":"product_brand-stihl-de","7":"product_cat-kombi-und-multi-systeme","8":"product_cat-maschinen","9":"product_tag-import-stihl-de","10":"sws-gruppo-macchinari-de","11":"sws-conto-ricavi-merci-rivendita-macchinari-de","12":"sws-gruppo-iva-iva81-de","14":"first","15":"onbackorder","16":"sale","17":"purchasable","18":"product-type-simple"},"_links":{"self":[{"href":"https:\/\/lucacastelli.com\/de\/wp-json\/wp\/v2\/product\/466585","targetHints":{"allow":["GET"]}}],"collection":[{"href":"https:\/\/lucacastelli.com\/de\/wp-json\/wp\/v2\/product"}],"about":[{"href":"https:\/\/lucacastelli.com\/de\/wp-json\/wp\/v2\/types\/product"}],"wp:featuredmedia":[{"embeddable":true,"href":"https:\/\/lucacastelli.com\/de\/wp-json\/wp\/v2\/media\/430916"}],"wp:attachment":[{"href":"https:\/\/lucacastelli.com\/de\/wp-json\/wp\/v2\/media?parent=466585"}],"wp:term":[{"taxonomy":"product_brand","embeddable":true,"href":"https:\/\/lucacastelli.com\/de\/wp-json\/wp\/v2\/product_brand?post=466585"},{"taxonomy":"product_cat","embeddable":true,"href":"https:\/\/lucacastelli.com\/de\/wp-json\/wp\/v2\/product_cat?post=466585"},{"taxonomy":"product_tag","embeddable":true,"href":"https:\/\/lucacastelli.com\/de\/wp-json\/wp\/v2\/product_tag?post=466585"}],"curies":[{"name":"wp","href":"https:\/\/api.w.org\/{rel}","templated":true}]}}