{"id":466580,"date":"2025-06-01T00:46:54","date_gmt":"2025-05-31T22:46:54","guid":{"rendered":"https:\/\/lucacastelli.com\/prodotto\/bk-mm-hacke\/"},"modified":"2025-06-28T20:10:43","modified_gmt":"2025-06-28T18:10:43","slug":"bk-mm-hacke","status":"publish","type":"product","link":"https:\/\/lucacastelli.com\/de\/produkt\/bk-mm-hacke\/","title":{"rendered":"STIHL BK-MM Hacke"},"content":{"rendered":"<p>Mit der Hacke (BK), die an den Motor Multi MM 55 angebaut wird, lassen sich grobk\u00f6rnige B\u00f6den und sandige Massen leicht zerkleinern und weich und fein zerkleinern, so dass die Pflanzen \u00fcppig wachsen. Die Hacke ist das ideale Arbeitsger\u00e4t, um den Boden vor dem Pflanzen von in Reihen angeordneten Setzlingen zu bearbeiten.<br \/>\n795711210489 <\/p>\n<p>Ger\u00e4tegewicht 2,0<br \/>\nArbeitsbreite Arbeitsbreite<\/p>\n","protected":false},"excerpt":{"rendered":"<p>BK-MM Hacke<\/p>\n","protected":false},"featured_media":430896,"template":"","meta":{"_seopress_robots_primary_cat":"","_seopress_titles_title":"","_seopress_titles_desc":"","_seopress_robots_index":""},"product_brand":[3366],"product_cat":[29,296],"product_tag":[3265],"class_list":{"0":"post-466580","1":"product","2":"type-product","3":"status-publish","4":"has-post-thumbnail","6":"product_brand-stihl","7":"product_cat-macchinari","8":"product_cat-sistemi-kombi-e-multi","9":"product_tag-import-stihl","10":"sws-gruppo-macchinari-de","11":"sws-conto-ricavi-merci-rivendita-macchinari-de","12":"sws-gruppo-iva-iva81-de","14":"first","15":"onbackorder","16":"sale","17":"purchasable","18":"product-type-simple"},"_links":{"self":[{"href":"https:\/\/lucacastelli.com\/de\/wp-json\/wp\/v2\/product\/466580","targetHints":{"allow":["GET"]}}],"collection":[{"href":"https:\/\/lucacastelli.com\/de\/wp-json\/wp\/v2\/product"}],"about":[{"href":"https:\/\/lucacastelli.com\/de\/wp-json\/wp\/v2\/types\/product"}],"wp:featuredmedia":[{"embeddable":true,"href":"https:\/\/lucacastelli.com\/de\/wp-json\/wp\/v2\/media\/430896"}],"wp:attachment":[{"href":"https:\/\/lucacastelli.com\/de\/wp-json\/wp\/v2\/media?parent=466580"}],"wp:term":[{"taxonomy":"product_brand","embeddable":true,"href":"https:\/\/lucacastelli.com\/de\/wp-json\/wp\/v2\/product_brand?post=466580"},{"taxonomy":"product_cat","embeddable":true,"href":"https:\/\/lucacastelli.com\/de\/wp-json\/wp\/v2\/product_cat?post=466580"},{"taxonomy":"product_tag","embeddable":true,"href":"https:\/\/lucacastelli.com\/de\/wp-json\/wp\/v2\/product_tag?post=466580"}],"curies":[{"name":"wp","href":"https:\/\/api.w.org\/{rel}","templated":true}]}}