{"id":466575,"date":"2025-06-01T00:47:03","date_gmt":"2025-05-31T22:47:03","guid":{"rendered":"https:\/\/lucacastelli.com\/prodotto\/mm-tiefenversteller\/"},"modified":"2025-06-28T20:06:08","modified_gmt":"2025-06-28T18:06:08","slug":"mm-tiefenversteller","status":"publish","type":"product","link":"https:\/\/lucacastelli.com\/de\/produkt\/mm-tiefenversteller\/","title":{"rendered":"STIHL MM Tiefenversteller"},"content":{"rendered":"<p>Der Regler variiert die Tiefe und Geschwindigkeit der Einwirkung bei der Bodenbearbeitung, indem er das Ger\u00e4t leicht anhebt oder absenkt. Der Benutzer f\u00fchlt sich bei der Verwendung des Ger\u00e4ts bei der Arbeit mit den Anbauger\u00e4ten f\u00fcr die Bodenfr\u00e4se (BF-MM) und die Hacke (BK-MM) wohler.<br \/>\n795711260057 <\/p>\n","protected":false},"excerpt":{"rendered":"<p>MM Tiefenversteller<\/p>\n","protected":false},"featured_media":430904,"template":"","meta":{"_seopress_robots_primary_cat":"","_seopress_titles_title":"","_seopress_titles_desc":"","_seopress_robots_index":""},"product_brand":[3366],"product_cat":[29,515,296],"product_tag":[3265],"class_list":{"0":"post-466575","1":"product","2":"type-product","3":"status-publish","4":"has-post-thumbnail","6":"product_brand-stihl","7":"product_cat-macchinari","8":"product_cat-accessori-e-materiale-di-consumo-altri-dispositivi","9":"product_cat-sistemi-kombi-e-multi","10":"product_tag-import-stihl","11":"sws-gruppo-macchinari-de","12":"sws-conto-ricavi-merci-rivendita-macchinari-de","13":"sws-gruppo-iva-iva81-de","15":"first","16":"onbackorder","17":"sale","18":"purchasable","19":"product-type-simple"},"_links":{"self":[{"href":"https:\/\/lucacastelli.com\/de\/wp-json\/wp\/v2\/product\/466575","targetHints":{"allow":["GET"]}}],"collection":[{"href":"https:\/\/lucacastelli.com\/de\/wp-json\/wp\/v2\/product"}],"about":[{"href":"https:\/\/lucacastelli.com\/de\/wp-json\/wp\/v2\/types\/product"}],"wp:featuredmedia":[{"embeddable":true,"href":"https:\/\/lucacastelli.com\/de\/wp-json\/wp\/v2\/media\/430904"}],"wp:attachment":[{"href":"https:\/\/lucacastelli.com\/de\/wp-json\/wp\/v2\/media?parent=466575"}],"wp:term":[{"taxonomy":"product_brand","embeddable":true,"href":"https:\/\/lucacastelli.com\/de\/wp-json\/wp\/v2\/product_brand?post=466575"},{"taxonomy":"product_cat","embeddable":true,"href":"https:\/\/lucacastelli.com\/de\/wp-json\/wp\/v2\/product_cat?post=466575"},{"taxonomy":"product_tag","embeddable":true,"href":"https:\/\/lucacastelli.com\/de\/wp-json\/wp\/v2\/product_tag?post=466575"}],"curies":[{"name":"wp","href":"https:\/\/api.w.org\/{rel}","templated":true}]}}