{"id":466574,"date":"2025-06-01T00:45:52","date_gmt":"2025-05-31T22:45:52","guid":{"rendered":"https:\/\/lucacastelli.com\/prodotto\/bt-131\/"},"modified":"2025-09-27T13:05:35","modified_gmt":"2025-09-27T11:05:35","slug":"bt-131","status":"publish","type":"product","link":"https:\/\/lucacastelli.com\/de\/produkt\/bt-131\/","title":{"rendered":"STIHL BT 131"},"content":{"rendered":"<p>Einbediener-Schnecke mit QuickStop-Bit-Bremse. 4-MIX-Motor\u00ae mit gr\u00f6\u00dferem Tank, Griffrahmen mit ged\u00e4mpften Vibrationen, Bedienhebel mit Stoppknopf, langlebiger Luftfilter, reichlich St\u00fctzpolster.<br \/>\n886661243495 <\/p>\n<p>Hubraum 36,3<br \/>\nLeistung Leistung<\/p>\n<p>Power Power<br \/>\nPower 1.90<br \/>\nSpindeldrehzahl 1. Gang 200<\/p>\n","protected":false},"excerpt":{"rendered":"<p>BT 131<\/p>\n","protected":false},"featured_media":430832,"template":"","meta":{"_seopress_robots_primary_cat":"","_seopress_titles_title":"","_seopress_titles_desc":"","_seopress_robots_index":""},"product_brand":[3554],"product_cat":[169,1454,1560],"product_tag":[3266],"class_list":{"0":"post-466574","1":"product","2":"type-product","3":"status-publish","4":"has-post-thumbnail","6":"product_brand-stihl-de","7":"product_cat-maschinen","8":"product_cat-andere-gerate","9":"product_cat-bohrer","10":"product_tag-import-stihl-de","11":"sws-gruppo-macchinari-de","12":"sws-conto-ricavi-merci-rivendita-macchinari-de","13":"sws-gruppo-iva-iva81-de","15":"first","16":"onbackorder","17":"purchasable","18":"product-type-simple"},"_links":{"self":[{"href":"https:\/\/lucacastelli.com\/de\/wp-json\/wp\/v2\/product\/466574","targetHints":{"allow":["GET"]}}],"collection":[{"href":"https:\/\/lucacastelli.com\/de\/wp-json\/wp\/v2\/product"}],"about":[{"href":"https:\/\/lucacastelli.com\/de\/wp-json\/wp\/v2\/types\/product"}],"wp:featuredmedia":[{"embeddable":true,"href":"https:\/\/lucacastelli.com\/de\/wp-json\/wp\/v2\/media\/430832"}],"wp:attachment":[{"href":"https:\/\/lucacastelli.com\/de\/wp-json\/wp\/v2\/media?parent=466574"}],"wp:term":[{"taxonomy":"product_brand","embeddable":true,"href":"https:\/\/lucacastelli.com\/de\/wp-json\/wp\/v2\/product_brand?post=466574"},{"taxonomy":"product_cat","embeddable":true,"href":"https:\/\/lucacastelli.com\/de\/wp-json\/wp\/v2\/product_cat?post=466574"},{"taxonomy":"product_tag","embeddable":true,"href":"https:\/\/lucacastelli.com\/de\/wp-json\/wp\/v2\/product_tag?post=466574"}],"curies":[{"name":"wp","href":"https:\/\/api.w.org\/{rel}","templated":true}]}}