{"id":466566,"date":"2025-06-01T01:02:47","date_gmt":"2025-05-31T23:02:47","guid":{"rendered":"https:\/\/lucacastelli.com\/prodotto\/oberflaechenreiniger-ra-110\/"},"modified":"2026-04-10T06:48:37","modified_gmt":"2026-04-10T04:48:37","slug":"oberflaechenreiniger-ra-110","status":"publish","type":"product","link":"https:\/\/lucacastelli.com\/de\/produkt\/oberflaechenreiniger-ra-110\/","title":{"rendered":"STIHL Oberfl\u00e4chenreiniger RA 110"},"content":{"rendered":"<p>\u00d8 310 mm. Zur schnellen, spritzfreien Reinigung gr\u00f6\u00dferer Fl\u00e4chen. Mit Druckverstellung.<br \/>\n886661861958 <\/p>\n","protected":false},"excerpt":{"rendered":"<p>Oberfl\u00e4chenreiniger RA 110<\/p>\n","protected":false},"featured_media":431581,"template":"","meta":{"_seopress_robots_primary_cat":"","_seopress_titles_title":"","_seopress_titles_desc":"","_seopress_robots_index":""},"product_brand":[3554],"product_cat":[1454,1512,169,1455],"product_tag":[3266],"class_list":{"0":"post-466566","1":"product","2":"type-product","3":"status-publish","4":"has-post-thumbnail","6":"product_brand-stihl-de","7":"product_cat-andere-gerate","8":"product_cat-hochdruckreiniger","9":"product_cat-maschinen","10":"product_cat-zubehor-und-verbrauchsmaterial-de","11":"product_tag-import-stihl-de","12":"sws-gruppo-macchinari-de","13":"sws-conto-ricavi-merci-rivendita-macchinari-de","14":"sws-gruppo-iva-iva81-de","16":"first","17":"onbackorder","18":"purchasable","19":"product-type-simple"},"_links":{"self":[{"href":"https:\/\/lucacastelli.com\/de\/wp-json\/wp\/v2\/product\/466566","targetHints":{"allow":["GET"]}}],"collection":[{"href":"https:\/\/lucacastelli.com\/de\/wp-json\/wp\/v2\/product"}],"about":[{"href":"https:\/\/lucacastelli.com\/de\/wp-json\/wp\/v2\/types\/product"}],"wp:featuredmedia":[{"embeddable":true,"href":"https:\/\/lucacastelli.com\/de\/wp-json\/wp\/v2\/media\/431581"}],"wp:attachment":[{"href":"https:\/\/lucacastelli.com\/de\/wp-json\/wp\/v2\/media?parent=466566"}],"wp:term":[{"taxonomy":"product_brand","embeddable":true,"href":"https:\/\/lucacastelli.com\/de\/wp-json\/wp\/v2\/product_brand?post=466566"},{"taxonomy":"product_cat","embeddable":true,"href":"https:\/\/lucacastelli.com\/de\/wp-json\/wp\/v2\/product_cat?post=466566"},{"taxonomy":"product_tag","embeddable":true,"href":"https:\/\/lucacastelli.com\/de\/wp-json\/wp\/v2\/product_tag?post=466566"}],"curies":[{"name":"wp","href":"https:\/\/api.w.org\/{rel}","templated":true}]}}