{"id":466560,"date":"2025-06-01T01:02:37","date_gmt":"2025-05-31T23:02:37","guid":{"rendered":"https:\/\/lucacastelli.com\/prodotto\/oberflaechenreiniger-ra-90\/"},"modified":"2026-03-11T22:44:22","modified_gmt":"2026-03-11T21:44:22","slug":"oberflaechenreiniger-ra-90","status":"publish","type":"product","link":"https:\/\/lucacastelli.com\/de\/produkt\/oberflaechenreiniger-ra-90\/","title":{"rendered":"STIHL Oberfl\u00e4chenreiniger RA 90"},"content":{"rendered":"<p>\u00d8 255 mm. F\u00fcr die schnelle und spritzfreie Reinigung mittelgro\u00dfer Fl\u00e4chen. Mit Druckeinstellung.<br \/>\n886661861941 <\/p>\n","protected":false},"excerpt":{"rendered":"<p>Oberfl\u00e4chenreiniger RA 90<\/p>\n","protected":false},"featured_media":431577,"template":"","meta":{"_seopress_robots_primary_cat":"","_seopress_titles_title":"","_seopress_titles_desc":"","_seopress_robots_index":""},"product_brand":[3554],"product_cat":[169,1454,1455,1512],"product_tag":[3266],"class_list":{"0":"post-466560","1":"product","2":"type-product","3":"status-publish","4":"has-post-thumbnail","6":"product_brand-stihl-de","7":"product_cat-maschinen","8":"product_cat-andere-gerate","9":"product_cat-zubehor-und-verbrauchsmaterial-de","10":"product_cat-hochdruckreiniger","11":"product_tag-import-stihl-de","12":"sws-gruppo-macchinari-de","13":"sws-conto-ricavi-merci-rivendita-macchinari-de","14":"sws-gruppo-iva-iva81-de","16":"first","17":"onbackorder","18":"purchasable","19":"product-type-simple"},"_links":{"self":[{"href":"https:\/\/lucacastelli.com\/de\/wp-json\/wp\/v2\/product\/466560","targetHints":{"allow":["GET"]}}],"collection":[{"href":"https:\/\/lucacastelli.com\/de\/wp-json\/wp\/v2\/product"}],"about":[{"href":"https:\/\/lucacastelli.com\/de\/wp-json\/wp\/v2\/types\/product"}],"wp:featuredmedia":[{"embeddable":true,"href":"https:\/\/lucacastelli.com\/de\/wp-json\/wp\/v2\/media\/431577"}],"wp:attachment":[{"href":"https:\/\/lucacastelli.com\/de\/wp-json\/wp\/v2\/media?parent=466560"}],"wp:term":[{"taxonomy":"product_brand","embeddable":true,"href":"https:\/\/lucacastelli.com\/de\/wp-json\/wp\/v2\/product_brand?post=466560"},{"taxonomy":"product_cat","embeddable":true,"href":"https:\/\/lucacastelli.com\/de\/wp-json\/wp\/v2\/product_cat?post=466560"},{"taxonomy":"product_tag","embeddable":true,"href":"https:\/\/lucacastelli.com\/de\/wp-json\/wp\/v2\/product_tag?post=466560"}],"curies":[{"name":"wp","href":"https:\/\/api.w.org\/{rel}","templated":true}]}}