{"id":466557,"date":"2025-06-01T01:02:14","date_gmt":"2025-05-31T23:02:14","guid":{"rendered":"https:\/\/lucacastelli.com\/prodotto\/nassstrahlgeraet\/"},"modified":"2025-06-28T03:59:37","modified_gmt":"2025-06-28T01:59:37","slug":"nassstrahlgeraet","status":"publish","type":"product","link":"https:\/\/lucacastelli.com\/de\/produkt\/nassstrahlgeraet\/","title":{"rendered":"STIHL Nassstrahlger\u00e4t"},"content":{"rendered":"<p>Zum Nassstrahlen von W\u00e4nden und Metallteilen. Die besten Ergebnisse werden mit STIHL Spr\u00fchgranulat SB 90<br \/>\nerzielt 886661861989 <\/p>\n","protected":false},"excerpt":{"rendered":"<p>Nassstrahlger\u00e4t<\/p>\n","protected":false},"featured_media":455964,"template":"","meta":{"_seopress_robots_primary_cat":"","_seopress_titles_title":"","_seopress_titles_desc":"","_seopress_robots_index":""},"product_brand":[3554],"product_cat":[1454,1512,169],"product_tag":[3266],"class_list":{"0":"post-466557","1":"product","2":"type-product","3":"status-publish","4":"has-post-thumbnail","6":"product_brand-stihl-de","7":"product_cat-andere-gerate","8":"product_cat-hochdruckreiniger","9":"product_cat-maschinen","10":"product_tag-import-stihl-de","11":"sws-gruppo-macchinari-de","12":"sws-conto-ricavi-merci-rivendita-macchinari-de","13":"sws-gruppo-iva-iva81-de","15":"first","16":"onbackorder","17":"purchasable","18":"product-type-simple"},"_links":{"self":[{"href":"https:\/\/lucacastelli.com\/de\/wp-json\/wp\/v2\/product\/466557","targetHints":{"allow":["GET"]}}],"collection":[{"href":"https:\/\/lucacastelli.com\/de\/wp-json\/wp\/v2\/product"}],"about":[{"href":"https:\/\/lucacastelli.com\/de\/wp-json\/wp\/v2\/types\/product"}],"wp:featuredmedia":[{"embeddable":true,"href":"https:\/\/lucacastelli.com\/de\/wp-json\/wp\/v2\/media\/455964"}],"wp:attachment":[{"href":"https:\/\/lucacastelli.com\/de\/wp-json\/wp\/v2\/media?parent=466557"}],"wp:term":[{"taxonomy":"product_brand","embeddable":true,"href":"https:\/\/lucacastelli.com\/de\/wp-json\/wp\/v2\/product_brand?post=466557"},{"taxonomy":"product_cat","embeddable":true,"href":"https:\/\/lucacastelli.com\/de\/wp-json\/wp\/v2\/product_cat?post=466557"},{"taxonomy":"product_tag","embeddable":true,"href":"https:\/\/lucacastelli.com\/de\/wp-json\/wp\/v2\/product_tag?post=466557"}],"curies":[{"name":"wp","href":"https:\/\/api.w.org\/{rel}","templated":true}]}}