{"id":466556,"date":"2025-06-01T01:01:55","date_gmt":"2025-05-31T23:01:55","guid":{"rendered":"https:\/\/lucacastelli.com\/prodotto\/schlauchverlaengerungen-9-m-stahlverstaerkung\/"},"modified":"2025-06-28T19:05:51","modified_gmt":"2025-06-28T17:05:51","slug":"schlauchverlaengerungen-9-m-stahlverstaerkung","status":"publish","type":"product","link":"https:\/\/lucacastelli.com\/de\/produkt\/schlauchverlaengerungen-9-m-stahlverstaerkung\/","title":{"rendered":"STIHL Schlauchverl\u00e4ngerungen, 9 m, Stahlverst\u00e4rkung"},"content":{"rendered":"<p>F\u00fcr eine gr\u00f6\u00dfere Reichweite. Mit Schnellkupplung.<br \/>\n886661952274 <\/p>\n","protected":false},"excerpt":{"rendered":"<p>Schlauchverl\u00e4ngerungen, 9 m, Stahlverst\u00e4rkung<\/p>\n","protected":false},"featured_media":431560,"template":"","meta":{"_seopress_robots_primary_cat":"","_seopress_titles_title":"","_seopress_titles_desc":"","_seopress_robots_index":""},"product_brand":[3554],"product_cat":[1454,1512,169,1455],"product_tag":[3266],"class_list":{"0":"post-466556","1":"product","2":"type-product","3":"status-publish","4":"has-post-thumbnail","6":"product_brand-stihl-de","7":"product_cat-andere-gerate","8":"product_cat-hochdruckreiniger","9":"product_cat-maschinen","10":"product_cat-zubehor-und-verbrauchsmaterial-de","11":"product_tag-import-stihl-de","12":"sws-gruppo-macchinari-de","13":"sws-conto-ricavi-merci-rivendita-macchinari-de","14":"sws-gruppo-iva-iva81-de","16":"first","17":"onbackorder","18":"purchasable","19":"product-type-simple"},"_links":{"self":[{"href":"https:\/\/lucacastelli.com\/de\/wp-json\/wp\/v2\/product\/466556","targetHints":{"allow":["GET"]}}],"collection":[{"href":"https:\/\/lucacastelli.com\/de\/wp-json\/wp\/v2\/product"}],"about":[{"href":"https:\/\/lucacastelli.com\/de\/wp-json\/wp\/v2\/types\/product"}],"wp:featuredmedia":[{"embeddable":true,"href":"https:\/\/lucacastelli.com\/de\/wp-json\/wp\/v2\/media\/431560"}],"wp:attachment":[{"href":"https:\/\/lucacastelli.com\/de\/wp-json\/wp\/v2\/media?parent=466556"}],"wp:term":[{"taxonomy":"product_brand","embeddable":true,"href":"https:\/\/lucacastelli.com\/de\/wp-json\/wp\/v2\/product_brand?post=466556"},{"taxonomy":"product_cat","embeddable":true,"href":"https:\/\/lucacastelli.com\/de\/wp-json\/wp\/v2\/product_cat?post=466556"},{"taxonomy":"product_tag","embeddable":true,"href":"https:\/\/lucacastelli.com\/de\/wp-json\/wp\/v2\/product_tag?post=466556"}],"curies":[{"name":"wp","href":"https:\/\/api.w.org\/{rel}","templated":true}]}}