{"id":466539,"date":"2025-06-01T00:45:34","date_gmt":"2025-05-31T22:45:34","guid":{"rendered":"https:\/\/lucacastelli.com\/prodotto\/mm-schlitten\/"},"modified":"2026-03-02T10:09:54","modified_gmt":"2026-03-02T09:09:54","slug":"mm-schlitten","status":"publish","type":"product","link":"https:\/\/lucacastelli.com\/de\/produkt\/mm-schlitten\/","title":{"rendered":"STIHL Fahrwerk MM"},"content":{"rendered":"<p>Ideal f\u00fcr den Einsatz der Kehrb\u00fcrste (KB-MM) und der Kehrwalze (KW-MM). Erleichtert die Arbeit bei Reinigungsaufgaben. Das Werkzeug, das entgegen der Fahrtrichtung rotiert, l\u00e4sst sich leicht anheben, wodurch der Reibungswiderstand verringert wird. Auch ideal f\u00fcr unebenes Gel\u00e4nde.<br \/>\n795711198091   <\/p>\n","protected":false},"excerpt":{"rendered":"<p>Fahrwerk MM<\/p>\n","protected":false},"featured_media":430820,"template":"","meta":{"_seopress_robots_primary_cat":"none","_seopress_titles_title":"","_seopress_titles_desc":"","_seopress_robots_index":""},"product_brand":[3366],"product_cat":[29,515,296],"product_tag":[3265],"class_list":{"0":"post-466539","1":"product","2":"type-product","3":"status-publish","4":"has-post-thumbnail","6":"product_brand-stihl","7":"product_cat-macchinari","8":"product_cat-accessori-e-materiale-di-consumo-altri-dispositivi","9":"product_cat-sistemi-kombi-e-multi","10":"product_tag-import-stihl","11":"sws-gruppo-macchinari-de","12":"sws-conto-ricavi-merci-rivendita-macchinari-de","13":"sws-gruppo-iva-iva81-de","15":"first","16":"onbackorder","17":"purchasable","18":"product-type-simple"},"_links":{"self":[{"href":"https:\/\/lucacastelli.com\/de\/wp-json\/wp\/v2\/product\/466539","targetHints":{"allow":["GET"]}}],"collection":[{"href":"https:\/\/lucacastelli.com\/de\/wp-json\/wp\/v2\/product"}],"about":[{"href":"https:\/\/lucacastelli.com\/de\/wp-json\/wp\/v2\/types\/product"}],"wp:featuredmedia":[{"embeddable":true,"href":"https:\/\/lucacastelli.com\/de\/wp-json\/wp\/v2\/media\/430820"}],"wp:attachment":[{"href":"https:\/\/lucacastelli.com\/de\/wp-json\/wp\/v2\/media?parent=466539"}],"wp:term":[{"taxonomy":"product_brand","embeddable":true,"href":"https:\/\/lucacastelli.com\/de\/wp-json\/wp\/v2\/product_brand?post=466539"},{"taxonomy":"product_cat","embeddable":true,"href":"https:\/\/lucacastelli.com\/de\/wp-json\/wp\/v2\/product_cat?post=466539"},{"taxonomy":"product_tag","embeddable":true,"href":"https:\/\/lucacastelli.com\/de\/wp-json\/wp\/v2\/product_tag?post=466539"}],"curies":[{"name":"wp","href":"https:\/\/api.w.org\/{rel}","templated":true}]}}