{"id":466534,"date":"2025-06-01T00:45:27","date_gmt":"2025-05-31T22:45:27","guid":{"rendered":"https:\/\/lucacastelli.com\/prodotto\/spanndorn\/"},"modified":"2025-06-28T19:09:15","modified_gmt":"2025-06-28T17:09:15","slug":"spanndorn","status":"publish","type":"product","link":"https:\/\/lucacastelli.com\/de\/produkt\/spanndorn\/","title":{"rendered":"STIHL Spanndorn"},"content":{"rendered":"<p>F\u00fcr BT 106, BT 106 C, BT 120 C, BT 121, BT130 f\u00fcr Spiralbohrer bis \u00f8 13 mm.<\/p>\n<p>795711053062 Durchmesser &#8211;<\/p>\n","protected":false},"excerpt":{"rendered":"<p>Spanndorn<\/p>\n","protected":false},"featured_media":430816,"template":"","meta":{"_seopress_robots_primary_cat":"","_seopress_titles_title":"","_seopress_titles_desc":"","_seopress_robots_index":""},"product_brand":[3554],"product_cat":[1454,1560,169],"product_tag":[3266],"class_list":{"0":"post-466534","1":"product","2":"type-product","3":"status-publish","4":"has-post-thumbnail","6":"product_brand-stihl-de","7":"product_cat-andere-gerate","8":"product_cat-bohrer","9":"product_cat-maschinen","10":"product_tag-import-stihl-de","11":"sws-gruppo-macchinari-de","12":"sws-conto-ricavi-merci-rivendita-macchinari-de","13":"sws-gruppo-iva-iva81-de","15":"first","16":"onbackorder","17":"purchasable","18":"product-type-simple"},"_links":{"self":[{"href":"https:\/\/lucacastelli.com\/de\/wp-json\/wp\/v2\/product\/466534","targetHints":{"allow":["GET"]}}],"collection":[{"href":"https:\/\/lucacastelli.com\/de\/wp-json\/wp\/v2\/product"}],"about":[{"href":"https:\/\/lucacastelli.com\/de\/wp-json\/wp\/v2\/types\/product"}],"wp:featuredmedia":[{"embeddable":true,"href":"https:\/\/lucacastelli.com\/de\/wp-json\/wp\/v2\/media\/430816"}],"wp:attachment":[{"href":"https:\/\/lucacastelli.com\/de\/wp-json\/wp\/v2\/media?parent=466534"}],"wp:term":[{"taxonomy":"product_brand","embeddable":true,"href":"https:\/\/lucacastelli.com\/de\/wp-json\/wp\/v2\/product_brand?post=466534"},{"taxonomy":"product_cat","embeddable":true,"href":"https:\/\/lucacastelli.com\/de\/wp-json\/wp\/v2\/product_cat?post=466534"},{"taxonomy":"product_tag","embeddable":true,"href":"https:\/\/lucacastelli.com\/de\/wp-json\/wp\/v2\/product_tag?post=466534"}],"curies":[{"name":"wp","href":"https:\/\/api.w.org\/{rel}","templated":true}]}}