{"id":466531,"date":"2025-06-01T00:44:54","date_gmt":"2025-05-31T22:44:54","guid":{"rendered":"https:\/\/lucacastelli.com\/prodotto\/br-450-c-ef\/"},"modified":"2025-06-28T18:03:05","modified_gmt":"2025-06-28T16:03:05","slug":"br-450-c-ef","status":"publish","type":"product","link":"https:\/\/lucacastelli.com\/de\/produkt\/br-450-c-ef\/","title":{"rendered":"STIHL BR 450 C-EF"},"content":{"rendered":"<p>Leistungsstarkes, wirtschaftliches und wartungsfreundliches Gebl\u00e4se mit effektivem Anti-Vibrations-System. Entfernen Sie m\u00fchelos gem\u00e4htes Gras- und Heckenschnittmaterial, Laub oder M\u00fcll von gro\u00dfen Fl\u00e4chen. Das Elettrostart-System bietet einen komfortableren Start ohne Energieverschwendung. Das Gebl\u00e4se beginnt durch Dr\u00fccken des Knopfes am Multifunktionsgriff und dann, ohne es von der R\u00fcckseite zu entfernen. Durch das zus\u00e4tzlich integrierte Starthilfekabel mit ErgoStart kann der BR 450 C-EF auch bei Temperaturen unter 0\u00b0 in Betrieb genommen werden.<br \/>\n886661057511    <\/p>\n<p>Hubraum 63,3<br \/>\nCO2 CO2<\/p>\n<p>Ger\u00e4tegewicht Ger\u00e4tegewicht<br \/>\nMax. Luftgeschwindigkeit mit Rundd\u00fcse 99.0<br \/>\nMax. Luftgeschwindigkeit mit Rundd\u00fcse 222.0<\/p>\n","protected":false},"excerpt":{"rendered":"<p>BR 450 C-EF<\/p>\n","protected":false},"featured_media":430793,"template":"","meta":{"_seopress_robots_primary_cat":"","_seopress_titles_title":"","_seopress_titles_desc":"","_seopress_robots_index":""},"product_brand":[3366],"product_cat":[29,485,486],"product_tag":[3265],"class_list":{"0":"post-466531","1":"product","2":"type-product","3":"status-publish","4":"has-post-thumbnail","6":"product_brand-stihl","7":"product_cat-macchinari","8":"product_cat-soffiatori-e-aspiratori","9":"product_cat-soffiatori-a-motore","10":"product_tag-import-stihl","11":"sws-gruppo-macchinari-de","12":"sws-conto-ricavi-merci-rivendita-macchinari-de","13":"sws-gruppo-iva-iva81-de","15":"first","16":"onbackorder","17":"purchasable","18":"product-type-simple"},"_links":{"self":[{"href":"https:\/\/lucacastelli.com\/de\/wp-json\/wp\/v2\/product\/466531","targetHints":{"allow":["GET"]}}],"collection":[{"href":"https:\/\/lucacastelli.com\/de\/wp-json\/wp\/v2\/product"}],"about":[{"href":"https:\/\/lucacastelli.com\/de\/wp-json\/wp\/v2\/types\/product"}],"wp:featuredmedia":[{"embeddable":true,"href":"https:\/\/lucacastelli.com\/de\/wp-json\/wp\/v2\/media\/430793"}],"wp:attachment":[{"href":"https:\/\/lucacastelli.com\/de\/wp-json\/wp\/v2\/media?parent=466531"}],"wp:term":[{"taxonomy":"product_brand","embeddable":true,"href":"https:\/\/lucacastelli.com\/de\/wp-json\/wp\/v2\/product_brand?post=466531"},{"taxonomy":"product_cat","embeddable":true,"href":"https:\/\/lucacastelli.com\/de\/wp-json\/wp\/v2\/product_cat?post=466531"},{"taxonomy":"product_tag","embeddable":true,"href":"https:\/\/lucacastelli.com\/de\/wp-json\/wp\/v2\/product_tag?post=466531"}],"curies":[{"name":"wp","href":"https:\/\/api.w.org\/{rel}","templated":true}]}}