{"id":466519,"date":"2025-06-01T00:44:08","date_gmt":"2025-05-31T22:44:08","guid":{"rendered":"https:\/\/lucacastelli.com\/prodotto\/griff-am-lenker\/"},"modified":"2025-06-28T18:06:20","modified_gmt":"2025-06-28T16:06:20","slug":"griff-am-lenker","status":"publish","type":"product","link":"https:\/\/lucacastelli.com\/de\/produkt\/griff-am-lenker\/","title":{"rendered":"STIHL Griff am Lenker"},"content":{"rendered":"<p>F\u00fcr weniger erm\u00fcdende Arbeit, da die R\u00fcckschl\u00e4ge auf die beiden Arme verteilt werden. F\u00fcr BR 350, BR 430, BR 450, BR 450 C-EF, BR 500, BR 550, BR 600.<br \/>\n795711372255 <\/p>\n","protected":false},"excerpt":{"rendered":"<p>Griff am Lenker<\/p>\n","protected":false},"featured_media":430717,"template":"","meta":{"_seopress_robots_primary_cat":"","_seopress_titles_title":"","_seopress_titles_desc":"","_seopress_robots_index":""},"product_brand":[3554],"product_cat":[1641,169,1655],"product_tag":[3266],"class_list":{"0":"post-466519","1":"product","2":"type-product","3":"status-publish","4":"has-post-thumbnail","6":"product_brand-stihl-de","7":"product_cat-geblase-und-staubsauger","8":"product_cat-maschinen","9":"product_cat-motorbetriebene-geblase","10":"product_tag-import-stihl-de","11":"sws-gruppo-macchinari-de","12":"sws-conto-ricavi-merci-rivendita-macchinari-de","13":"sws-gruppo-iva-iva81-de","15":"first","16":"onbackorder","17":"purchasable","18":"product-type-simple"},"_links":{"self":[{"href":"https:\/\/lucacastelli.com\/de\/wp-json\/wp\/v2\/product\/466519","targetHints":{"allow":["GET"]}}],"collection":[{"href":"https:\/\/lucacastelli.com\/de\/wp-json\/wp\/v2\/product"}],"about":[{"href":"https:\/\/lucacastelli.com\/de\/wp-json\/wp\/v2\/types\/product"}],"wp:featuredmedia":[{"embeddable":true,"href":"https:\/\/lucacastelli.com\/de\/wp-json\/wp\/v2\/media\/430717"}],"wp:attachment":[{"href":"https:\/\/lucacastelli.com\/de\/wp-json\/wp\/v2\/media?parent=466519"}],"wp:term":[{"taxonomy":"product_brand","embeddable":true,"href":"https:\/\/lucacastelli.com\/de\/wp-json\/wp\/v2\/product_brand?post=466519"},{"taxonomy":"product_cat","embeddable":true,"href":"https:\/\/lucacastelli.com\/de\/wp-json\/wp\/v2\/product_cat?post=466519"},{"taxonomy":"product_tag","embeddable":true,"href":"https:\/\/lucacastelli.com\/de\/wp-json\/wp\/v2\/product_tag?post=466519"}],"curies":[{"name":"wp","href":"https:\/\/api.w.org\/{rel}","templated":true}]}}