{"id":466518,"date":"2025-12-08T00:42:54","date_gmt":"2025-12-07T23:42:54","guid":{"rendered":"https:\/\/lucacastelli.com\/prodotto\/sh-86\/"},"modified":"2026-04-01T01:47:43","modified_gmt":"2026-03-31T23:47:43","slug":"sh-86","status":"publish","type":"product","link":"https:\/\/lucacastelli.com\/de\/produkt\/sh-86\/","title":{"rendered":"STIHL SH 86"},"content":{"rendered":"<p>Leistungsstarker Staubsauger mit sehr starker Saugwirkung. Kann auch standardm\u00e4\u00dfig als Gebl\u00e4se verwendet werden. Stufenlose Drehzahlverstellung, Rundd\u00fcse, Flachd\u00fcse, STIHL ElastoStart, STIHL Antivibrationssystem, 2-MIX-Motor, HD2-Filter. Kann auch standardm\u00e4\u00dfig als Gebl\u00e4se verwendet<br \/>\nwerden.<br \/>\n886661909728   <\/p>\n<p>Hubraum 27,2<br \/>\nCO2 CO2<\/p>\n<p>Gewicht des Ger\u00e4tes Gewicht des Ger\u00e4tes<br \/>\nFassungsverm\u00f6gen des Grasfangkorbs 45<br \/>\nZerkleinerungsverh\u00e4ltnis 1:14<\/p>\n","protected":false},"excerpt":{"rendered":"<p>SH 86<\/p>\n","protected":false},"featured_media":661545,"template":"","meta":{"_seopress_robots_primary_cat":"none","_seopress_titles_title":"","_seopress_titles_desc":"","_seopress_robots_index":""},"product_brand":[3366],"product_cat":[29,485,497],"product_tag":[3265],"class_list":{"0":"post-466518","1":"product","2":"type-product","3":"status-publish","4":"has-post-thumbnail","6":"product_brand-stihl","7":"product_cat-macchinari","8":"product_cat-soffiatori-e-aspiratori","9":"product_cat-aspiratore-trituratore","10":"product_tag-import-stihl","11":"sws-gruppo-macchinari-de","12":"sws-conto-ricavi-merci-rivendita-macchinari-de","13":"sws-gruppo-iva-iva81-de","15":"first","16":"onbackorder","17":"purchasable","18":"product-type-simple"},"_links":{"self":[{"href":"https:\/\/lucacastelli.com\/de\/wp-json\/wp\/v2\/product\/466518","targetHints":{"allow":["GET"]}}],"collection":[{"href":"https:\/\/lucacastelli.com\/de\/wp-json\/wp\/v2\/product"}],"about":[{"href":"https:\/\/lucacastelli.com\/de\/wp-json\/wp\/v2\/types\/product"}],"wp:featuredmedia":[{"embeddable":true,"href":"https:\/\/lucacastelli.com\/de\/wp-json\/wp\/v2\/media\/661545"}],"wp:attachment":[{"href":"https:\/\/lucacastelli.com\/de\/wp-json\/wp\/v2\/media?parent=466518"}],"wp:term":[{"taxonomy":"product_brand","embeddable":true,"href":"https:\/\/lucacastelli.com\/de\/wp-json\/wp\/v2\/product_brand?post=466518"},{"taxonomy":"product_cat","embeddable":true,"href":"https:\/\/lucacastelli.com\/de\/wp-json\/wp\/v2\/product_cat?post=466518"},{"taxonomy":"product_tag","embeddable":true,"href":"https:\/\/lucacastelli.com\/de\/wp-json\/wp\/v2\/product_tag?post=466518"}],"curies":[{"name":"wp","href":"https:\/\/api.w.org\/{rel}","templated":true}]}}