{"id":466515,"date":"2025-06-01T00:39:02","date_gmt":"2025-05-31T22:39:02","guid":{"rendered":"https:\/\/lucacastelli.com\/prodotto\/km-131-r\/"},"modified":"2025-10-31T09:40:32","modified_gmt":"2025-10-31T08:40:32","slug":"km-131-r","status":"publish","type":"product","link":"https:\/\/lucacastelli.com\/de\/produkt\/km-131-r\/","title":{"rendered":"STIHL KM 131 R"},"content":{"rendered":"<p>F\u00fcr den professionellen Einsatz mit hohen Anspr\u00fcchen. Einfacher Startvorgang f\u00fcr bequemeres Starten, Stopp-Taste, gr\u00f6\u00dferer Tank f\u00fcr l\u00e4ngere Betriebszeiten, Papierfilter, runder Griff, 4-MIX-Motor.<br \/>\n886661367993 <\/p>\n<p>Hubraum 36,3<br \/>\nLeistung Leistung<\/p>\n<p>Leistung Leistung<br \/>\nLeistung 1,90<br \/>\nCO2 845<\/p>\n","protected":false},"excerpt":{"rendered":"<p>KM 131 R<\/p>\n","protected":false},"featured_media":430512,"template":"","meta":{"_seopress_robots_primary_cat":"","_seopress_titles_title":"","_seopress_titles_desc":"","_seopress_robots_index":""},"product_brand":[3366],"product_cat":[29,296],"product_tag":[3265],"class_list":{"0":"post-466515","1":"product","2":"type-product","3":"status-publish","4":"has-post-thumbnail","6":"product_brand-stihl","7":"product_cat-macchinari","8":"product_cat-sistemi-kombi-e-multi","9":"product_tag-import-stihl","10":"sws-gruppo-macchinari-de","11":"sws-conto-ricavi-merci-rivendita-macchinari-de","12":"sws-gruppo-iva-iva81-de","14":"first","15":"onbackorder","16":"purchasable","17":"product-type-simple"},"_links":{"self":[{"href":"https:\/\/lucacastelli.com\/de\/wp-json\/wp\/v2\/product\/466515","targetHints":{"allow":["GET"]}}],"collection":[{"href":"https:\/\/lucacastelli.com\/de\/wp-json\/wp\/v2\/product"}],"about":[{"href":"https:\/\/lucacastelli.com\/de\/wp-json\/wp\/v2\/types\/product"}],"wp:featuredmedia":[{"embeddable":true,"href":"https:\/\/lucacastelli.com\/de\/wp-json\/wp\/v2\/media\/430512"}],"wp:attachment":[{"href":"https:\/\/lucacastelli.com\/de\/wp-json\/wp\/v2\/media?parent=466515"}],"wp:term":[{"taxonomy":"product_brand","embeddable":true,"href":"https:\/\/lucacastelli.com\/de\/wp-json\/wp\/v2\/product_brand?post=466515"},{"taxonomy":"product_cat","embeddable":true,"href":"https:\/\/lucacastelli.com\/de\/wp-json\/wp\/v2\/product_cat?post=466515"},{"taxonomy":"product_tag","embeddable":true,"href":"https:\/\/lucacastelli.com\/de\/wp-json\/wp\/v2\/product_tag?post=466515"}],"curies":[{"name":"wp","href":"https:\/\/api.w.org\/{rel}","templated":true}]}}