{"id":466509,"date":"2025-06-01T00:38:42","date_gmt":"2025-05-31T22:38:42","guid":{"rendered":"https:\/\/lucacastelli.com\/prodotto\/ht-km\/"},"modified":"2026-03-02T10:06:38","modified_gmt":"2026-03-02T09:06:38","slug":"ht-km","status":"publish","type":"product","link":"https:\/\/lucacastelli.com\/de\/produkt\/ht-km\/","title":{"rendered":"STIHL HT-KM"},"content":{"rendered":"<p>Pr\u00e4ziser Schnitt in hohen \u00c4sten. Kompakte Bauweise mit integrierter Erh\u00f6hungsf\u00fchrung, Kette 1\/4&#8243; PM3. Schwertl\u00e4nge 30 cm, Gesamtl\u00e4nge 126 cm, Gewicht 1,3 kg.<br \/>\n886661545568  <\/p>\n","protected":false},"excerpt":{"rendered":"<p>HT-KM<\/p>\n","protected":false},"featured_media":430504,"template":"","meta":{"_seopress_robots_primary_cat":"none","_seopress_titles_title":"","_seopress_titles_desc":"","_seopress_robots_index":""},"product_brand":[3554],"product_cat":[1639,169],"product_tag":[3266],"class_list":{"0":"post-466509","1":"product","2":"type-product","3":"status-publish","4":"has-post-thumbnail","6":"product_brand-stihl-de","7":"product_cat-kombi-und-multi-systeme","8":"product_cat-maschinen","9":"product_tag-import-stihl-de","10":"sws-gruppo-macchinari-de","11":"sws-conto-ricavi-merci-rivendita-macchinari-de","12":"sws-gruppo-iva-iva81-de","14":"first","15":"onbackorder","16":"sale","17":"purchasable","18":"product-type-simple"},"_links":{"self":[{"href":"https:\/\/lucacastelli.com\/de\/wp-json\/wp\/v2\/product\/466509","targetHints":{"allow":["GET"]}}],"collection":[{"href":"https:\/\/lucacastelli.com\/de\/wp-json\/wp\/v2\/product"}],"about":[{"href":"https:\/\/lucacastelli.com\/de\/wp-json\/wp\/v2\/types\/product"}],"wp:featuredmedia":[{"embeddable":true,"href":"https:\/\/lucacastelli.com\/de\/wp-json\/wp\/v2\/media\/430504"}],"wp:attachment":[{"href":"https:\/\/lucacastelli.com\/de\/wp-json\/wp\/v2\/media?parent=466509"}],"wp:term":[{"taxonomy":"product_brand","embeddable":true,"href":"https:\/\/lucacastelli.com\/de\/wp-json\/wp\/v2\/product_brand?post=466509"},{"taxonomy":"product_cat","embeddable":true,"href":"https:\/\/lucacastelli.com\/de\/wp-json\/wp\/v2\/product_cat?post=466509"},{"taxonomy":"product_tag","embeddable":true,"href":"https:\/\/lucacastelli.com\/de\/wp-json\/wp\/v2\/product_tag?post=466509"}],"curies":[{"name":"wp","href":"https:\/\/api.w.org\/{rel}","templated":true}]}}