{"id":466504,"date":"2025-06-01T00:38:23","date_gmt":"2025-05-31T22:38:23","guid":{"rendered":"https:\/\/lucacastelli.com\/prodotto\/fs-km-gsb-230-2\/"},"modified":"2025-06-28T19:10:29","modified_gmt":"2025-06-28T17:10:29","slug":"fs-km-gsb-230-2","status":"publish","type":"product","link":"https:\/\/lucacastelli.com\/de\/produkt\/fs-km-gsb-230-2\/","title":{"rendered":"STIHL FS-KM GSB 230-2"},"content":{"rendered":"<p>Ideal zum M\u00e4hen von zwei Rasenfl\u00e4chen (mit Rasenm\u00e4hermesser) und zum Ausd\u00fcnnen von Mauern, Z\u00e4unen. Gewicht: 1,2 kg. L\u00e4nge: 94cm.<br \/>\n886661212774  <\/p>\n","protected":false},"excerpt":{"rendered":"<p>FS-KM GSB 230-2<\/p>\n","protected":false},"featured_media":430463,"template":"","meta":{"_seopress_robots_primary_cat":"","_seopress_titles_title":"","_seopress_titles_desc":"","_seopress_robots_index":""},"product_brand":[3366],"product_cat":[29,296],"product_tag":[3265],"class_list":{"0":"post-466504","1":"product","2":"type-product","3":"status-publish","4":"has-post-thumbnail","6":"product_brand-stihl","7":"product_cat-macchinari","8":"product_cat-sistemi-kombi-e-multi","9":"product_tag-import-stihl","10":"sws-gruppo-macchinari-de","11":"sws-conto-ricavi-merci-rivendita-macchinari-de","12":"sws-gruppo-iva-iva81-de","14":"first","15":"onbackorder","16":"sale","17":"purchasable","18":"product-type-simple"},"_links":{"self":[{"href":"https:\/\/lucacastelli.com\/de\/wp-json\/wp\/v2\/product\/466504","targetHints":{"allow":["GET"]}}],"collection":[{"href":"https:\/\/lucacastelli.com\/de\/wp-json\/wp\/v2\/product"}],"about":[{"href":"https:\/\/lucacastelli.com\/de\/wp-json\/wp\/v2\/types\/product"}],"wp:featuredmedia":[{"embeddable":true,"href":"https:\/\/lucacastelli.com\/de\/wp-json\/wp\/v2\/media\/430463"}],"wp:attachment":[{"href":"https:\/\/lucacastelli.com\/de\/wp-json\/wp\/v2\/media?parent=466504"}],"wp:term":[{"taxonomy":"product_brand","embeddable":true,"href":"https:\/\/lucacastelli.com\/de\/wp-json\/wp\/v2\/product_brand?post=466504"},{"taxonomy":"product_cat","embeddable":true,"href":"https:\/\/lucacastelli.com\/de\/wp-json\/wp\/v2\/product_cat?post=466504"},{"taxonomy":"product_tag","embeddable":true,"href":"https:\/\/lucacastelli.com\/de\/wp-json\/wp\/v2\/product_tag?post=466504"}],"curies":[{"name":"wp","href":"https:\/\/api.w.org\/{rel}","templated":true}]}}