{"id":466486,"date":"2025-06-01T00:24:25","date_gmt":"2025-05-31T22:24:25","guid":{"rendered":"https:\/\/lucacastelli.com\/prodotto\/325-rapid-super-3-pro-rs3-35-cm\/"},"modified":"2025-08-06T21:57:43","modified_gmt":"2025-08-06T19:57:43","slug":"325-rapid-super-3-pro-rs3-35-cm","status":"publish","type":"product","link":"https:\/\/lucacastelli.com\/de\/produkt\/325-rapid-super-3-pro-rs3-35-cm\/","title":{"rendered":"STIHL .325&#8243; Rapid Super 3 Pro (RS3), 35 cm"},"content":{"rendered":"<p>Hochleistungskette mit geringer Vibration und Zugstufe, mit H\u00f6cker-F\u00fchrungsglied. Hohe Gravur- und Schneidleistung bei hervorragender Schnittqualit\u00e4t und geringer H\u00fcpfneigung.<br \/>\n886661879991 <\/p>\n<p>Kettenteilung 8,25 mm \/ .325&#8243;<br \/>\n Dicke des F\u00fchrungsglieds Dicke des F\u00fchrungsglieds<\/p>\n<p>L\u00e4nge der Stange L\u00e4nge der Stange<\/p>\n","protected":false},"excerpt":{"rendered":"<p>.325&#8243; Rapid Super 3 Pro (RS3), 35 cm<\/p>\n","protected":false},"featured_media":429914,"template":"","meta":{"_seopress_robots_primary_cat":"","_seopress_titles_title":"","_seopress_titles_desc":"","_seopress_robots_index":""},"product_brand":[3366],"product_cat":[29,268,504],"product_tag":[3265],"class_list":{"0":"post-466486","1":"product","2":"type-product","3":"status-publish","4":"has-post-thumbnail","6":"product_brand-stihl","7":"product_cat-macchinari","8":"product_cat-motoseghe","9":"product_cat-catene-e-rotoli","10":"product_tag-import-stihl","11":"sws-gruppo-macchinari-de","12":"sws-conto-ricavi-merci-rivendita-macchinari-de","13":"sws-gruppo-iva-iva81-de","15":"first","16":"onbackorder","17":"purchasable","18":"product-type-simple"},"_links":{"self":[{"href":"https:\/\/lucacastelli.com\/de\/wp-json\/wp\/v2\/product\/466486","targetHints":{"allow":["GET"]}}],"collection":[{"href":"https:\/\/lucacastelli.com\/de\/wp-json\/wp\/v2\/product"}],"about":[{"href":"https:\/\/lucacastelli.com\/de\/wp-json\/wp\/v2\/types\/product"}],"wp:featuredmedia":[{"embeddable":true,"href":"https:\/\/lucacastelli.com\/de\/wp-json\/wp\/v2\/media\/429914"}],"wp:attachment":[{"href":"https:\/\/lucacastelli.com\/de\/wp-json\/wp\/v2\/media?parent=466486"}],"wp:term":[{"taxonomy":"product_brand","embeddable":true,"href":"https:\/\/lucacastelli.com\/de\/wp-json\/wp\/v2\/product_brand?post=466486"},{"taxonomy":"product_cat","embeddable":true,"href":"https:\/\/lucacastelli.com\/de\/wp-json\/wp\/v2\/product_cat?post=466486"},{"taxonomy":"product_tag","embeddable":true,"href":"https:\/\/lucacastelli.com\/de\/wp-json\/wp\/v2\/product_tag?post=466486"}],"curies":[{"name":"wp","href":"https:\/\/api.w.org\/{rel}","templated":true}]}}