{"id":466479,"date":"2025-06-01T00:23:54","date_gmt":"2025-05-31T22:23:54","guid":{"rendered":"https:\/\/lucacastelli.com\/prodotto\/325-rapid-micro-pro-rm-35-cm\/"},"modified":"2025-08-06T21:57:25","modified_gmt":"2025-08-06T19:57:25","slug":"325-rapid-micro-pro-rm-35-cm","status":"publish","type":"product","link":"https:\/\/lucacastelli.com\/de\/produkt\/325-rapid-micro-pro-rm-35-cm\/","title":{"rendered":"STIHL .325&#8243; Rapid Micro Pro (RM), 35 cm"},"content":{"rendered":"<p>Vibrationsarme Kette, hohe Schnittqualit\u00e4t, robust und geringe H\u00fcpfneigung.<\/p>\n<p>886661879915 Kettenteilung 8,25 mm \/ .325&#8243;<br \/>\n F\u00fchrungsgliedst\u00e4rke F\u00fchrungsgliedst\u00e4rke<\/p>\n<p>Stangenl\u00e4nge Stangenl\u00e4nge<\/p>\n","protected":false},"excerpt":{"rendered":"<p>.325&#8243; Rapid Micro Pro (RM), 35 cm<\/p>\n","protected":false},"featured_media":429898,"template":"","meta":{"_seopress_robots_primary_cat":"","_seopress_titles_title":"","_seopress_titles_desc":"","_seopress_robots_index":""},"product_brand":[3554],"product_cat":[1614,1612,169],"product_tag":[3266],"class_list":{"0":"post-466479","1":"product","2":"type-product","3":"status-publish","4":"has-post-thumbnail","6":"product_brand-stihl-de","7":"product_cat-ketten-und-haspeln","8":"product_cat-kettensagen","9":"product_cat-maschinen","10":"product_tag-import-stihl-de","11":"sws-gruppo-macchinari-de","12":"sws-conto-ricavi-merci-rivendita-macchinari-de","13":"sws-gruppo-iva-iva81-de","15":"first","16":"onbackorder","17":"purchasable","18":"product-type-simple"},"_links":{"self":[{"href":"https:\/\/lucacastelli.com\/de\/wp-json\/wp\/v2\/product\/466479","targetHints":{"allow":["GET"]}}],"collection":[{"href":"https:\/\/lucacastelli.com\/de\/wp-json\/wp\/v2\/product"}],"about":[{"href":"https:\/\/lucacastelli.com\/de\/wp-json\/wp\/v2\/types\/product"}],"wp:featuredmedia":[{"embeddable":true,"href":"https:\/\/lucacastelli.com\/de\/wp-json\/wp\/v2\/media\/429898"}],"wp:attachment":[{"href":"https:\/\/lucacastelli.com\/de\/wp-json\/wp\/v2\/media?parent=466479"}],"wp:term":[{"taxonomy":"product_brand","embeddable":true,"href":"https:\/\/lucacastelli.com\/de\/wp-json\/wp\/v2\/product_brand?post=466479"},{"taxonomy":"product_cat","embeddable":true,"href":"https:\/\/lucacastelli.com\/de\/wp-json\/wp\/v2\/product_cat?post=466479"},{"taxonomy":"product_tag","embeddable":true,"href":"https:\/\/lucacastelli.com\/de\/wp-json\/wp\/v2\/product_tag?post=466479"}],"curies":[{"name":"wp","href":"https:\/\/api.w.org\/{rel}","templated":true}]}}