{"id":466476,"date":"2025-06-01T00:59:45","date_gmt":"2025-05-31T22:59:45","guid":{"rendered":"https:\/\/lucacastelli.com\/prodotto\/grobes-schmutz-set\/"},"modified":"2025-06-28T19:06:36","modified_gmt":"2025-06-28T17:06:36","slug":"grobes-schmutz-set","status":"publish","type":"product","link":"https:\/\/lucacastelli.com\/de\/produkt\/grobes-schmutz-set\/","title":{"rendered":"STIHL Grobes Schmutz-Set"},"content":{"rendered":"<p>Um groben Schmutz zu entfernen. Grobschmutzd\u00fcse, Verl\u00e4ngerungsschl\u00e4uche (2 x 500 mm), H\u00fclsen (2 x), flexibler Saugschlauch 1,75 m lang, \u00d8 50 mm, f\u00fcr SE 122 &#8211; SE 133 ME.<br \/>\n886661048434 <\/p>\n","protected":false},"excerpt":{"rendered":"<p>Grobes Schmutz-Set<\/p>\n","protected":false},"featured_media":431497,"template":"","meta":{"_seopress_robots_primary_cat":"","_seopress_titles_title":"","_seopress_titles_desc":"","_seopress_robots_index":""},"product_brand":[3554],"product_cat":[1454,169,1475,1455],"product_tag":[3266],"class_list":{"0":"post-466476","1":"product","2":"type-product","3":"status-publish","4":"has-post-thumbnail","6":"product_brand-stihl-de","7":"product_cat-andere-gerate","8":"product_cat-maschinen","9":"product_cat-staubsauger","10":"product_cat-zubehor-und-verbrauchsmaterial-de","11":"product_tag-import-stihl-de","12":"sws-gruppo-macchinari-de","13":"sws-conto-ricavi-merci-rivendita-macchinari-de","14":"sws-gruppo-iva-iva81-de","16":"first","17":"onbackorder","18":"purchasable","19":"product-type-simple"},"_links":{"self":[{"href":"https:\/\/lucacastelli.com\/de\/wp-json\/wp\/v2\/product\/466476","targetHints":{"allow":["GET"]}}],"collection":[{"href":"https:\/\/lucacastelli.com\/de\/wp-json\/wp\/v2\/product"}],"about":[{"href":"https:\/\/lucacastelli.com\/de\/wp-json\/wp\/v2\/types\/product"}],"wp:featuredmedia":[{"embeddable":true,"href":"https:\/\/lucacastelli.com\/de\/wp-json\/wp\/v2\/media\/431497"}],"wp:attachment":[{"href":"https:\/\/lucacastelli.com\/de\/wp-json\/wp\/v2\/media?parent=466476"}],"wp:term":[{"taxonomy":"product_brand","embeddable":true,"href":"https:\/\/lucacastelli.com\/de\/wp-json\/wp\/v2\/product_brand?post=466476"},{"taxonomy":"product_cat","embeddable":true,"href":"https:\/\/lucacastelli.com\/de\/wp-json\/wp\/v2\/product_cat?post=466476"},{"taxonomy":"product_tag","embeddable":true,"href":"https:\/\/lucacastelli.com\/de\/wp-json\/wp\/v2\/product_tag?post=466476"}],"curies":[{"name":"wp","href":"https:\/\/api.w.org\/{rel}","templated":true}]}}