{"id":466462,"date":"2025-06-01T00:48:48","date_gmt":"2025-05-31T22:48:48","guid":{"rendered":"https:\/\/lucacastelli.com\/prodotto\/geschliffener-bohrer-fuer-bt-360-o-120mm\/"},"modified":"2025-06-28T20:03:40","modified_gmt":"2025-06-28T18:03:40","slug":"geschliffener-bohrer-fuer-bt-360-o-120mm","status":"publish","type":"product","link":"https:\/\/lucacastelli.com\/de\/produkt\/geschliffener-bohrer-fuer-bt-360-o-120mm\/","title":{"rendered":"STIHL Geschliffener Bohrer f\u00fcr BT 360, \u00d8 120mm"},"content":{"rendered":"<p>F\u00fcr alle Bodenverh\u00e4ltnisse.<\/p>\n<p>795711053147 Durchmesser \u00d8 120 mm, 5&#8243;<\/p>\n","protected":false},"excerpt":{"rendered":"<p>Geschliffener Bohrer f\u00fcr BT 360, \u00d8 120mm<\/p>\n","protected":false},"featured_media":430987,"template":"","meta":{"_seopress_robots_primary_cat":"","_seopress_titles_title":"","_seopress_titles_desc":"","_seopress_robots_index":""},"product_brand":[3366],"product_cat":[29],"product_tag":[3265],"class_list":{"0":"post-466462","1":"product","2":"type-product","3":"status-publish","4":"has-post-thumbnail","6":"product_brand-stihl","7":"product_cat-macchinari","8":"product_tag-import-stihl","9":"sws-gruppo-macchinari-de","10":"sws-conto-ricavi-merci-rivendita-macchinari-de","11":"sws-gruppo-iva-iva81-de","13":"first","14":"onbackorder","15":"sale","16":"purchasable","17":"product-type-simple"},"_links":{"self":[{"href":"https:\/\/lucacastelli.com\/de\/wp-json\/wp\/v2\/product\/466462","targetHints":{"allow":["GET"]}}],"collection":[{"href":"https:\/\/lucacastelli.com\/de\/wp-json\/wp\/v2\/product"}],"about":[{"href":"https:\/\/lucacastelli.com\/de\/wp-json\/wp\/v2\/types\/product"}],"wp:featuredmedia":[{"embeddable":true,"href":"https:\/\/lucacastelli.com\/de\/wp-json\/wp\/v2\/media\/430987"}],"wp:attachment":[{"href":"https:\/\/lucacastelli.com\/de\/wp-json\/wp\/v2\/media?parent=466462"}],"wp:term":[{"taxonomy":"product_brand","embeddable":true,"href":"https:\/\/lucacastelli.com\/de\/wp-json\/wp\/v2\/product_brand?post=466462"},{"taxonomy":"product_cat","embeddable":true,"href":"https:\/\/lucacastelli.com\/de\/wp-json\/wp\/v2\/product_cat?post=466462"},{"taxonomy":"product_tag","embeddable":true,"href":"https:\/\/lucacastelli.com\/de\/wp-json\/wp\/v2\/product_tag?post=466462"}],"curies":[{"name":"wp","href":"https:\/\/api.w.org\/{rel}","templated":true}]}}