{"id":466459,"date":"2025-06-01T00:46:33","date_gmt":"2025-05-31T22:46:33","guid":{"rendered":"https:\/\/lucacastelli.com\/prodotto\/fc-mm-fadentrimmer\/"},"modified":"2025-06-28T20:10:54","modified_gmt":"2025-06-28T18:10:54","slug":"fc-mm-fadentrimmer","status":"publish","type":"product","link":"https:\/\/lucacastelli.com\/de\/produkt\/fc-mm-fadentrimmer\/","title":{"rendered":"STIHL FC-MM Fadentrimmer"},"content":{"rendered":"<p>Der Kantenschneider (FC), der an der Multi MM 55 Engine montiert wird, schafft pr\u00e4zise Begrenzungen in \u00dcbereinstimmung mit Einfahrten, Beeten und B\u00fcschen. Mit einem Schnitt, der tief bis zum Ansatz eindringt, grenzt er die R\u00e4nder genau ab. Was fr\u00fcher Zeit und M\u00fche gekostet hat, ist heute einfach, schnell und sauber. Der Kantenschneider eignet sich auch hervorragend zum Pflanzen von Rasenst\u00fccken.<br \/>\n795711198114   <\/p>\n<p>Gewicht des Ger\u00e4ts: 0,8<\/p>\n","protected":false},"excerpt":{"rendered":"<p>FC-MM Fadentrimmer<\/p>\n","protected":false},"featured_media":430872,"template":"","meta":{"_seopress_robots_primary_cat":"","_seopress_titles_title":"","_seopress_titles_desc":"","_seopress_robots_index":""},"product_brand":[3366],"product_cat":[29,296],"product_tag":[3265],"class_list":{"0":"post-466459","1":"product","2":"type-product","3":"status-publish","4":"has-post-thumbnail","6":"product_brand-stihl","7":"product_cat-macchinari","8":"product_cat-sistemi-kombi-e-multi","9":"product_tag-import-stihl","10":"sws-gruppo-macchinari-de","11":"sws-conto-ricavi-merci-rivendita-macchinari-de","12":"sws-gruppo-iva-iva81-de","14":"first","15":"onbackorder","16":"sale","17":"purchasable","18":"product-type-simple"},"_links":{"self":[{"href":"https:\/\/lucacastelli.com\/de\/wp-json\/wp\/v2\/product\/466459","targetHints":{"allow":["GET"]}}],"collection":[{"href":"https:\/\/lucacastelli.com\/de\/wp-json\/wp\/v2\/product"}],"about":[{"href":"https:\/\/lucacastelli.com\/de\/wp-json\/wp\/v2\/types\/product"}],"wp:featuredmedia":[{"embeddable":true,"href":"https:\/\/lucacastelli.com\/de\/wp-json\/wp\/v2\/media\/430872"}],"wp:attachment":[{"href":"https:\/\/lucacastelli.com\/de\/wp-json\/wp\/v2\/media?parent=466459"}],"wp:term":[{"taxonomy":"product_brand","embeddable":true,"href":"https:\/\/lucacastelli.com\/de\/wp-json\/wp\/v2\/product_brand?post=466459"},{"taxonomy":"product_cat","embeddable":true,"href":"https:\/\/lucacastelli.com\/de\/wp-json\/wp\/v2\/product_cat?post=466459"},{"taxonomy":"product_tag","embeddable":true,"href":"https:\/\/lucacastelli.com\/de\/wp-json\/wp\/v2\/product_tag?post=466459"}],"curies":[{"name":"wp","href":"https:\/\/api.w.org\/{rel}","templated":true}]}}