{"id":466456,"date":"2025-06-01T00:46:37","date_gmt":"2025-05-31T22:46:37","guid":{"rendered":"https:\/\/lucacastelli.com\/prodotto\/kw-mm-buerstenwalze\/"},"modified":"2026-03-02T10:06:16","modified_gmt":"2026-03-02T09:06:16","slug":"kw-mm-buerstenwalze","status":"publish","type":"product","link":"https:\/\/lucacastelli.com\/de\/produkt\/kw-mm-buerstenwalze\/","title":{"rendered":"STIHL KW-MM Kehrwalze"},"content":{"rendered":"<p>Die Kehrwalze (KW) zur Montage am MultiMotor MM 55 sorgt dank weicher, aber robuster Gummilamellen f\u00fcr die perfekte Reinigung von Terrassen, Wegen und Gehwegen auf Gr\u00fcnfl\u00e4chen. Die Walze dreht sich gegen die Fahrtrichtung und befreit Oberfl\u00e4chen so gr\u00fcndlich und schnell von Schmutz, Sand und Kies. Die Kehrwalze eignet sich auch hervorragend zum Schneer\u00e4umen oder zum Entfernen von Laub auf Rasenfl\u00e4chen.<br \/>\n795711198121  <\/p>\n<p>Ger\u00e4tegewicht 3,9<br \/>\nArbeitsbreite Arbeitsbreite<\/p>\n","protected":false},"excerpt":{"rendered":"<p>KW-MM Kehrwalze<\/p>\n","protected":false},"featured_media":430880,"template":"","meta":{"_seopress_robots_primary_cat":"none","_seopress_titles_title":"","_seopress_titles_desc":"","_seopress_robots_index":""},"product_brand":[3554],"product_cat":[169,1639],"product_tag":[3266],"class_list":{"0":"post-466456","1":"product","2":"type-product","3":"status-publish","4":"has-post-thumbnail","6":"product_brand-stihl-de","7":"product_cat-maschinen","8":"product_cat-kombi-und-multi-systeme","9":"product_tag-import-stihl-de","10":"sws-gruppo-macchinari-de","11":"sws-conto-ricavi-merci-rivendita-macchinari-de","12":"sws-gruppo-iva-iva81-de","14":"first","15":"onbackorder","16":"sale","17":"purchasable","18":"product-type-simple"},"_links":{"self":[{"href":"https:\/\/lucacastelli.com\/de\/wp-json\/wp\/v2\/product\/466456","targetHints":{"allow":["GET"]}}],"collection":[{"href":"https:\/\/lucacastelli.com\/de\/wp-json\/wp\/v2\/product"}],"about":[{"href":"https:\/\/lucacastelli.com\/de\/wp-json\/wp\/v2\/types\/product"}],"wp:featuredmedia":[{"embeddable":true,"href":"https:\/\/lucacastelli.com\/de\/wp-json\/wp\/v2\/media\/430880"}],"wp:attachment":[{"href":"https:\/\/lucacastelli.com\/de\/wp-json\/wp\/v2\/media?parent=466456"}],"wp:term":[{"taxonomy":"product_brand","embeddable":true,"href":"https:\/\/lucacastelli.com\/de\/wp-json\/wp\/v2\/product_brand?post=466456"},{"taxonomy":"product_cat","embeddable":true,"href":"https:\/\/lucacastelli.com\/de\/wp-json\/wp\/v2\/product_cat?post=466456"},{"taxonomy":"product_tag","embeddable":true,"href":"https:\/\/lucacastelli.com\/de\/wp-json\/wp\/v2\/product_tag?post=466456"}],"curies":[{"name":"wp","href":"https:\/\/api.w.org\/{rel}","templated":true}]}}