{"id":466453,"date":"2025-06-01T00:46:26","date_gmt":"2025-05-31T22:46:26","guid":{"rendered":"https:\/\/lucacastelli.com\/prodotto\/kb-mm-pinsel\/"},"modified":"2025-06-28T20:11:00","modified_gmt":"2025-06-28T18:11:00","slug":"kb-mm-pinsel","status":"publish","type":"product","link":"https:\/\/lucacastelli.com\/de\/produkt\/kb-mm-pinsel\/","title":{"rendered":"STIHL KB-MM Pinsel"},"content":{"rendered":"<p>Der Kreiselmopp (KB), der auf den Multi MM 55-Motor aufgetragen wird, sorgt dank der Spiralborsten f\u00fcr eine gr\u00fcndliche Reinigung. Die Entfernung von Schmutz auf Natursteinb\u00f6den, Beola, Fugen und sogar unebenen Oberfl\u00e4chen mit tiefen Rillen wird erheblich erleichtert und das Ergebnis ist erstaunlich.<br \/>\n795711198107 <\/p>\n<p>Ger\u00e4tegewicht 4.2<br \/>\nArbeitsbreite Arbeitsbreite<\/p>\n","protected":false},"excerpt":{"rendered":"<p>KB-MM Pinsel<\/p>\n","protected":false},"featured_media":430864,"template":"","meta":{"_seopress_robots_primary_cat":"","_seopress_titles_title":"","_seopress_titles_desc":"","_seopress_robots_index":""},"product_brand":[3554],"product_cat":[1639,169],"product_tag":[3266],"class_list":{"0":"post-466453","1":"product","2":"type-product","3":"status-publish","4":"has-post-thumbnail","6":"product_brand-stihl-de","7":"product_cat-kombi-und-multi-systeme","8":"product_cat-maschinen","9":"product_tag-import-stihl-de","10":"sws-gruppo-macchinari-de","11":"sws-conto-ricavi-merci-rivendita-macchinari-de","12":"sws-gruppo-iva-iva81-de","14":"first","15":"onbackorder","16":"sale","17":"purchasable","18":"product-type-simple"},"_links":{"self":[{"href":"https:\/\/lucacastelli.com\/de\/wp-json\/wp\/v2\/product\/466453","targetHints":{"allow":["GET"]}}],"collection":[{"href":"https:\/\/lucacastelli.com\/de\/wp-json\/wp\/v2\/product"}],"about":[{"href":"https:\/\/lucacastelli.com\/de\/wp-json\/wp\/v2\/types\/product"}],"wp:featuredmedia":[{"embeddable":true,"href":"https:\/\/lucacastelli.com\/de\/wp-json\/wp\/v2\/media\/430864"}],"wp:attachment":[{"href":"https:\/\/lucacastelli.com\/de\/wp-json\/wp\/v2\/media?parent=466453"}],"wp:term":[{"taxonomy":"product_brand","embeddable":true,"href":"https:\/\/lucacastelli.com\/de\/wp-json\/wp\/v2\/product_brand?post=466453"},{"taxonomy":"product_cat","embeddable":true,"href":"https:\/\/lucacastelli.com\/de\/wp-json\/wp\/v2\/product_cat?post=466453"},{"taxonomy":"product_tag","embeddable":true,"href":"https:\/\/lucacastelli.com\/de\/wp-json\/wp\/v2\/product_tag?post=466453"}],"curies":[{"name":"wp","href":"https:\/\/api.w.org\/{rel}","templated":true}]}}