{"id":466446,"date":"2025-06-01T00:46:18","date_gmt":"2025-05-31T22:46:18","guid":{"rendered":"https:\/\/lucacastelli.com\/prodotto\/mf-mm-abstreifer\/"},"modified":"2025-06-28T20:11:16","modified_gmt":"2025-06-28T18:11:16","slug":"mf-mm-abstreifer","status":"publish","type":"product","link":"https:\/\/lucacastelli.com\/de\/produkt\/mf-mm-abstreifer\/","title":{"rendered":"STIHL MF-MM Abstreifer"},"content":{"rendered":"<p>Der Abstreifer (MF), der auf den Multi MM 55 Motor aufgetragen wird, entfernt schnell Moos und Pflanzenfilz auch von gro\u00dfen Fl\u00e4chen. Wurzelreste und Moos sind nicht nur h\u00e4sslich anzusehen, sondern auch sch\u00e4dlich, da sie mit der Zeit alle anderen Pflanzen abt\u00f6ten. Sie werden zu einer Art Filzteppich an der Basis des Rasens und verhindern, dass Wasser, Luft und N\u00e4hrstoffe in den Boden eindringen, wodurch der Rasen der \u00dcberlebenschance beraubt wird.<br \/>\n795711195182  <\/p>\n<p>Ger\u00e4tegewicht 8,6<br \/>\nArbeitsbreite Arbeitsbreite<\/p>\n","protected":false},"excerpt":{"rendered":"<p>MF-MM Abstreifer<\/p>\n","protected":false},"featured_media":430856,"template":"","meta":{"_seopress_robots_primary_cat":"","_seopress_titles_title":"","_seopress_titles_desc":"","_seopress_robots_index":""},"product_brand":[3366],"product_cat":[29,296],"product_tag":[3265],"class_list":{"0":"post-466446","1":"product","2":"type-product","3":"status-publish","4":"has-post-thumbnail","6":"product_brand-stihl","7":"product_cat-macchinari","8":"product_cat-sistemi-kombi-e-multi","9":"product_tag-import-stihl","10":"sws-gruppo-macchinari-de","11":"sws-conto-ricavi-merci-rivendita-macchinari-de","12":"sws-gruppo-iva-iva81-de","14":"first","15":"onbackorder","16":"sale","17":"purchasable","18":"product-type-simple"},"_links":{"self":[{"href":"https:\/\/lucacastelli.com\/de\/wp-json\/wp\/v2\/product\/466446","targetHints":{"allow":["GET"]}}],"collection":[{"href":"https:\/\/lucacastelli.com\/de\/wp-json\/wp\/v2\/product"}],"about":[{"href":"https:\/\/lucacastelli.com\/de\/wp-json\/wp\/v2\/types\/product"}],"wp:featuredmedia":[{"embeddable":true,"href":"https:\/\/lucacastelli.com\/de\/wp-json\/wp\/v2\/media\/430856"}],"wp:attachment":[{"href":"https:\/\/lucacastelli.com\/de\/wp-json\/wp\/v2\/media?parent=466446"}],"wp:term":[{"taxonomy":"product_brand","embeddable":true,"href":"https:\/\/lucacastelli.com\/de\/wp-json\/wp\/v2\/product_brand?post=466446"},{"taxonomy":"product_cat","embeddable":true,"href":"https:\/\/lucacastelli.com\/de\/wp-json\/wp\/v2\/product_cat?post=466446"},{"taxonomy":"product_tag","embeddable":true,"href":"https:\/\/lucacastelli.com\/de\/wp-json\/wp\/v2\/product_tag?post=466446"}],"curies":[{"name":"wp","href":"https:\/\/api.w.org\/{rel}","templated":true}]}}