{"id":466445,"date":"2025-06-01T00:46:01","date_gmt":"2025-05-31T22:46:01","guid":{"rendered":"https:\/\/lucacastelli.com\/prodotto\/zusatzgewicht-mm\/"},"modified":"2026-03-02T10:05:53","modified_gmt":"2026-03-02T09:05:53","slug":"zusatzgewicht-mm","status":"publish","type":"product","link":"https:\/\/lucacastelli.com\/de\/produkt\/zusatzgewicht-mm\/","title":{"rendered":"STIHL Zusatzgewicht MM"},"content":{"rendered":"<p>Das als Zubeh\u00f6r erh\u00e4ltliche Zusatzgewicht l\u00e4sst sich einfach am MultiMotor MM 55 montieren und ist die ideale Erg\u00e4nzung f\u00fcr Fr\u00e4s- und Bodenbearbeitungsarbeiten. Es entlastet den Anwender, erh\u00f6ht den Druck auf das Arbeitswerkzeug und erm\u00f6glicht ein tieferes Eindringen in den Boden.<br \/>\n795711210649 <\/p>\n","protected":false},"excerpt":{"rendered":"<p>Zusatzgewicht MM<\/p>\n","protected":false},"featured_media":430844,"template":"","meta":{"_seopress_robots_primary_cat":"none","_seopress_titles_title":"","_seopress_titles_desc":"","_seopress_robots_index":""},"product_brand":[3554],"product_cat":[169,1455,1639],"product_tag":[3266],"class_list":{"0":"post-466445","1":"product","2":"type-product","3":"status-publish","4":"has-post-thumbnail","6":"product_brand-stihl-de","7":"product_cat-maschinen","8":"product_cat-zubehor-und-verbrauchsmaterial-de","9":"product_cat-kombi-und-multi-systeme","10":"product_tag-import-stihl-de","11":"sws-gruppo-macchinari-de","12":"sws-conto-ricavi-merci-rivendita-macchinari-de","13":"sws-gruppo-iva-iva81-de","15":"first","16":"onbackorder","17":"purchasable","18":"product-type-simple"},"_links":{"self":[{"href":"https:\/\/lucacastelli.com\/de\/wp-json\/wp\/v2\/product\/466445","targetHints":{"allow":["GET"]}}],"collection":[{"href":"https:\/\/lucacastelli.com\/de\/wp-json\/wp\/v2\/product"}],"about":[{"href":"https:\/\/lucacastelli.com\/de\/wp-json\/wp\/v2\/types\/product"}],"wp:featuredmedia":[{"embeddable":true,"href":"https:\/\/lucacastelli.com\/de\/wp-json\/wp\/v2\/media\/430844"}],"wp:attachment":[{"href":"https:\/\/lucacastelli.com\/de\/wp-json\/wp\/v2\/media?parent=466445"}],"wp:term":[{"taxonomy":"product_brand","embeddable":true,"href":"https:\/\/lucacastelli.com\/de\/wp-json\/wp\/v2\/product_brand?post=466445"},{"taxonomy":"product_cat","embeddable":true,"href":"https:\/\/lucacastelli.com\/de\/wp-json\/wp\/v2\/product_cat?post=466445"},{"taxonomy":"product_tag","embeddable":true,"href":"https:\/\/lucacastelli.com\/de\/wp-json\/wp\/v2\/product_tag?post=466445"}],"curies":[{"name":"wp","href":"https:\/\/api.w.org\/{rel}","templated":true}]}}