{"id":466441,"date":"2025-06-01T00:46:13","date_gmt":"2025-05-31T22:46:13","guid":{"rendered":"https:\/\/lucacastelli.com\/prodotto\/rl-mm-vertikutierer\/"},"modified":"2025-06-28T20:11:12","modified_gmt":"2025-06-28T18:11:12","slug":"rl-mm-vertikutierer","status":"publish","type":"product","link":"https:\/\/lucacastelli.com\/de\/produkt\/rl-mm-vertikutierer\/","title":{"rendered":"STIHL RL-MM Vertikutierer"},"content":{"rendered":"<p>Um gr\u00fcn und gesund zu sein, muss ein Rasen in der Lage sein, &#8220;zu atmen&#8221;. Nur dann k\u00f6nnen Wasser, D\u00fcngemittel und Mineralien ungehindert eindringen. Damit die wertvollen Mikroorganismen ihre Wirkung entfalten und sich vor Hitze und Witterungseinfl\u00fcssen gesch\u00fctzt im Boden ansiedeln k\u00f6nnen, ist es notwendig, den Rasen mit dem neuen Vertikutierer (RL) zu bearbeiten, der auf dem Multi MM 55 Motor montiert ist. Ohne diese zu besch\u00e4digen, macht der Vertikutierer feine L\u00fccken in der Oberfl\u00e4che und schafft so die Basis f\u00fcr einen gr\u00fcnen, frischen und gesunden Rasen.<br \/>\n795711195151   <\/p>\n<p>Ger\u00e4tegewicht 2,0<br \/>\nArbeitsbreite Arbeitsbreite<\/p>\n","protected":false},"excerpt":{"rendered":"<p>RL-MM Vertikutierer<\/p>\n","protected":false},"featured_media":430848,"template":"","meta":{"_seopress_robots_primary_cat":"","_seopress_titles_title":"","_seopress_titles_desc":"","_seopress_robots_index":""},"product_brand":[3554],"product_cat":[169,1639],"product_tag":[3266],"class_list":{"0":"post-466441","1":"product","2":"type-product","3":"status-publish","4":"has-post-thumbnail","6":"product_brand-stihl-de","7":"product_cat-maschinen","8":"product_cat-kombi-und-multi-systeme","9":"product_tag-import-stihl-de","10":"sws-gruppo-macchinari-de","11":"sws-conto-ricavi-merci-rivendita-macchinari-de","12":"sws-gruppo-iva-iva81-de","14":"first","15":"onbackorder","16":"sale","17":"purchasable","18":"product-type-simple"},"_links":{"self":[{"href":"https:\/\/lucacastelli.com\/de\/wp-json\/wp\/v2\/product\/466441","targetHints":{"allow":["GET"]}}],"collection":[{"href":"https:\/\/lucacastelli.com\/de\/wp-json\/wp\/v2\/product"}],"about":[{"href":"https:\/\/lucacastelli.com\/de\/wp-json\/wp\/v2\/types\/product"}],"wp:featuredmedia":[{"embeddable":true,"href":"https:\/\/lucacastelli.com\/de\/wp-json\/wp\/v2\/media\/430848"}],"wp:attachment":[{"href":"https:\/\/lucacastelli.com\/de\/wp-json\/wp\/v2\/media?parent=466441"}],"wp:term":[{"taxonomy":"product_brand","embeddable":true,"href":"https:\/\/lucacastelli.com\/de\/wp-json\/wp\/v2\/product_brand?post=466441"},{"taxonomy":"product_cat","embeddable":true,"href":"https:\/\/lucacastelli.com\/de\/wp-json\/wp\/v2\/product_cat?post=466441"},{"taxonomy":"product_tag","embeddable":true,"href":"https:\/\/lucacastelli.com\/de\/wp-json\/wp\/v2\/product_tag?post=466441"}],"curies":[{"name":"wp","href":"https:\/\/api.w.org\/{rel}","templated":true}]}}