{"id":466437,"date":"2025-06-01T00:44:35","date_gmt":"2025-05-31T22:44:35","guid":{"rendered":"https:\/\/lucacastelli.com\/prodotto\/fh-km-145\/"},"modified":"2026-04-01T11:57:51","modified_gmt":"2026-04-01T09:57:51","slug":"fh-km-145","status":"publish","type":"product","link":"https:\/\/lucacastelli.com\/de\/produkt\/fh-km-145\/","title":{"rendered":"STIHL FH-KM 145\u00b0"},"content":{"rendered":"<p>Zum fl\u00e4chenb\u00fcndigen Schneiden und M\u00e4hen mit wenigen Spritzern auf engstem Raum und in belebten Bereichen. Flexible mechanische Variatoren, platzsparende Transportposition.<br \/>\n886661163168 <\/p>\n","protected":false},"excerpt":{"rendered":"<p>FH-KM 145\u00b0<\/p>\n","protected":false},"featured_media":430773,"template":"","meta":{"_seopress_robots_primary_cat":"","_seopress_titles_title":"","_seopress_titles_desc":"","_seopress_robots_index":""},"product_brand":[3366],"product_cat":[29,296],"product_tag":[3265],"class_list":{"0":"post-466437","1":"product","2":"type-product","3":"status-publish","4":"has-post-thumbnail","6":"product_brand-stihl","7":"product_cat-macchinari","8":"product_cat-sistemi-kombi-e-multi","9":"product_tag-import-stihl","10":"sws-gruppo-macchinari-de","11":"sws-conto-ricavi-merci-rivendita-macchinari-de","12":"sws-gruppo-iva-iva81-de","14":"first","15":"onbackorder","16":"sale","17":"purchasable","18":"product-type-simple"},"_links":{"self":[{"href":"https:\/\/lucacastelli.com\/de\/wp-json\/wp\/v2\/product\/466437","targetHints":{"allow":["GET"]}}],"collection":[{"href":"https:\/\/lucacastelli.com\/de\/wp-json\/wp\/v2\/product"}],"about":[{"href":"https:\/\/lucacastelli.com\/de\/wp-json\/wp\/v2\/types\/product"}],"wp:featuredmedia":[{"embeddable":true,"href":"https:\/\/lucacastelli.com\/de\/wp-json\/wp\/v2\/media\/430773"}],"wp:attachment":[{"href":"https:\/\/lucacastelli.com\/de\/wp-json\/wp\/v2\/media?parent=466437"}],"wp:term":[{"taxonomy":"product_brand","embeddable":true,"href":"https:\/\/lucacastelli.com\/de\/wp-json\/wp\/v2\/product_brand?post=466437"},{"taxonomy":"product_cat","embeddable":true,"href":"https:\/\/lucacastelli.com\/de\/wp-json\/wp\/v2\/product_cat?post=466437"},{"taxonomy":"product_tag","embeddable":true,"href":"https:\/\/lucacastelli.com\/de\/wp-json\/wp\/v2\/product_tag?post=466437"}],"curies":[{"name":"wp","href":"https:\/\/api.w.org\/{rel}","templated":true}]}}