{"id":466427,"date":"2025-06-01T01:00:13","date_gmt":"2025-05-31T23:00:13","guid":{"rendered":"https:\/\/lucacastelli.com\/prodotto\/auto-reinigungsset\/"},"modified":"2025-06-28T19:06:23","modified_gmt":"2025-06-28T17:06:23","slug":"auto-reinigungsset","status":"publish","type":"product","link":"https:\/\/lucacastelli.com\/de\/produkt\/auto-reinigungsset\/","title":{"rendered":"STIHL Auto-Reinigungsset"},"content":{"rendered":"<p>Zur Reinigung unterschiedlichster Fahrzeugoberfl\u00e4chen. Fugenm\u00f6rteld\u00fcse (300 mm), B\u00fcrstend\u00fcse, B\u00fcrstend\u00fcse und Gummid\u00fcse f\u00fcr SE 33 &#8211; SE 133 ME.<br \/>\n886661048403 <\/p>\n","protected":false},"excerpt":{"rendered":"<p>Auto-Reinigungsset<\/p>\n","protected":false},"featured_media":431506,"template":"","meta":{"_seopress_robots_primary_cat":"","_seopress_titles_title":"","_seopress_titles_desc":"","_seopress_robots_index":""},"product_brand":[3554],"product_cat":[1454,169,1475,1455],"product_tag":[3266],"class_list":{"0":"post-466427","1":"product","2":"type-product","3":"status-publish","4":"has-post-thumbnail","6":"product_brand-stihl-de","7":"product_cat-andere-gerate","8":"product_cat-maschinen","9":"product_cat-staubsauger","10":"product_cat-zubehor-und-verbrauchsmaterial-de","11":"product_tag-import-stihl-de","12":"sws-gruppo-macchinari-de","13":"sws-conto-ricavi-merci-rivendita-macchinari-de","14":"sws-gruppo-iva-iva81-de","16":"first","17":"onbackorder","18":"purchasable","19":"product-type-simple"},"_links":{"self":[{"href":"https:\/\/lucacastelli.com\/de\/wp-json\/wp\/v2\/product\/466427","targetHints":{"allow":["GET"]}}],"collection":[{"href":"https:\/\/lucacastelli.com\/de\/wp-json\/wp\/v2\/product"}],"about":[{"href":"https:\/\/lucacastelli.com\/de\/wp-json\/wp\/v2\/types\/product"}],"wp:featuredmedia":[{"embeddable":true,"href":"https:\/\/lucacastelli.com\/de\/wp-json\/wp\/v2\/media\/431506"}],"wp:attachment":[{"href":"https:\/\/lucacastelli.com\/de\/wp-json\/wp\/v2\/media?parent=466427"}],"wp:term":[{"taxonomy":"product_brand","embeddable":true,"href":"https:\/\/lucacastelli.com\/de\/wp-json\/wp\/v2\/product_brand?post=466427"},{"taxonomy":"product_cat","embeddable":true,"href":"https:\/\/lucacastelli.com\/de\/wp-json\/wp\/v2\/product_cat?post=466427"},{"taxonomy":"product_tag","embeddable":true,"href":"https:\/\/lucacastelli.com\/de\/wp-json\/wp\/v2\/product_tag?post=466427"}],"curies":[{"name":"wp","href":"https:\/\/api.w.org\/{rel}","templated":true}]}}