{"id":466399,"date":"2025-06-01T01:03:30","date_gmt":"2025-05-31T23:03:30","guid":{"rendered":"https:\/\/lucacastelli.com\/prodotto\/buerste-fuer-oberflaechenwaschung\/"},"modified":"2025-06-28T03:52:05","modified_gmt":"2025-06-28T01:52:05","slug":"buerste-fuer-oberflaechenwaschung","status":"publish","type":"product","link":"https:\/\/lucacastelli.com\/de\/produkt\/buerste-fuer-oberflaechenwaschung\/","title":{"rendered":"STIHL B\u00fcrste f\u00fcr Oberfl\u00e4chenwaschung"},"content":{"rendered":"<p>Breite ca. 285 mm. Zur Reinigung empfindlicher Oberfl\u00e4chen. Mit integrierter Gummilippe zur Entfernung von Restwasser.<br \/>\n886661861903 <\/p>\n","protected":false},"excerpt":{"rendered":"<p>B\u00fcrste f\u00fcr Oberfl\u00e4chenwaschung<\/p>\n","protected":false},"featured_media":455948,"template":"","meta":{"_seopress_robots_primary_cat":"","_seopress_titles_title":"","_seopress_titles_desc":"","_seopress_robots_index":""},"product_brand":[3554],"product_cat":[1454,1512,169],"product_tag":[3266],"class_list":{"0":"post-466399","1":"product","2":"type-product","3":"status-publish","4":"has-post-thumbnail","6":"product_brand-stihl-de","7":"product_cat-andere-gerate","8":"product_cat-hochdruckreiniger","9":"product_cat-maschinen","10":"product_tag-import-stihl-de","11":"sws-gruppo-macchinari-de","12":"sws-conto-ricavi-merci-rivendita-macchinari-de","13":"sws-gruppo-iva-iva81-de","15":"first","16":"onbackorder","17":"purchasable","18":"product-type-simple"},"_links":{"self":[{"href":"https:\/\/lucacastelli.com\/de\/wp-json\/wp\/v2\/product\/466399","targetHints":{"allow":["GET"]}}],"collection":[{"href":"https:\/\/lucacastelli.com\/de\/wp-json\/wp\/v2\/product"}],"about":[{"href":"https:\/\/lucacastelli.com\/de\/wp-json\/wp\/v2\/types\/product"}],"wp:featuredmedia":[{"embeddable":true,"href":"https:\/\/lucacastelli.com\/de\/wp-json\/wp\/v2\/media\/455948"}],"wp:attachment":[{"href":"https:\/\/lucacastelli.com\/de\/wp-json\/wp\/v2\/media?parent=466399"}],"wp:term":[{"taxonomy":"product_brand","embeddable":true,"href":"https:\/\/lucacastelli.com\/de\/wp-json\/wp\/v2\/product_brand?post=466399"},{"taxonomy":"product_cat","embeddable":true,"href":"https:\/\/lucacastelli.com\/de\/wp-json\/wp\/v2\/product_cat?post=466399"},{"taxonomy":"product_tag","embeddable":true,"href":"https:\/\/lucacastelli.com\/de\/wp-json\/wp\/v2\/product_tag?post=466399"}],"curies":[{"name":"wp","href":"https:\/\/api.w.org\/{rel}","templated":true}]}}