{"id":466397,"date":"2025-06-01T01:03:13","date_gmt":"2025-05-31T23:03:13","guid":{"rendered":"https:\/\/lucacastelli.com\/prodotto\/rotierende-waschbuerste\/"},"modified":"2026-04-17T16:16:49","modified_gmt":"2026-04-17T14:16:49","slug":"rotierende-waschbuerste","status":"publish","type":"product","link":"https:\/\/lucacastelli.com\/de\/produkt\/rotierende-waschbuerste\/","title":{"rendered":"STIHL Rotierende Waschb\u00fcrste"},"content":{"rendered":"<p>\u00d8 155 mm. F\u00fcr die effektive Reinigung empfindlicher Oberfl\u00e4chen, mit drehbarer B\u00fcrstenkrone und einstellbarem Arbeitswinkel.<br \/>\n886661861934<\/p>\n","protected":false},"excerpt":{"rendered":"<p>Rotierende Waschb\u00fcrste<\/p>\n","protected":false},"featured_media":431599,"template":"","meta":{"_seopress_robots_primary_cat":"","_seopress_titles_title":"","_seopress_titles_desc":"","_seopress_robots_index":""},"product_brand":[3366],"product_cat":[29,514,515,519],"product_tag":[3265],"class_list":{"0":"post-466397","1":"product","2":"type-product","3":"status-publish","4":"has-post-thumbnail","6":"product_brand-stihl","7":"product_cat-macchinari","8":"product_cat-altri-dispositivi","9":"product_cat-accessori-e-materiale-di-consumo-altri-dispositivi","10":"product_cat-idropulitrici","11":"product_tag-import-stihl","12":"sws-gruppo-macchinari-de","13":"sws-conto-ricavi-merci-rivendita-macchinari-de","14":"sws-gruppo-iva-iva81-de","16":"first","17":"onbackorder","18":"purchasable","19":"product-type-simple"},"_links":{"self":[{"href":"https:\/\/lucacastelli.com\/de\/wp-json\/wp\/v2\/product\/466397","targetHints":{"allow":["GET"]}}],"collection":[{"href":"https:\/\/lucacastelli.com\/de\/wp-json\/wp\/v2\/product"}],"about":[{"href":"https:\/\/lucacastelli.com\/de\/wp-json\/wp\/v2\/types\/product"}],"wp:featuredmedia":[{"embeddable":true,"href":"https:\/\/lucacastelli.com\/de\/wp-json\/wp\/v2\/media\/431599"}],"wp:attachment":[{"href":"https:\/\/lucacastelli.com\/de\/wp-json\/wp\/v2\/media?parent=466397"}],"wp:term":[{"taxonomy":"product_brand","embeddable":true,"href":"https:\/\/lucacastelli.com\/de\/wp-json\/wp\/v2\/product_brand?post=466397"},{"taxonomy":"product_cat","embeddable":true,"href":"https:\/\/lucacastelli.com\/de\/wp-json\/wp\/v2\/product_cat?post=466397"},{"taxonomy":"product_tag","embeddable":true,"href":"https:\/\/lucacastelli.com\/de\/wp-json\/wp\/v2\/product_tag?post=466397"}],"curies":[{"name":"wp","href":"https:\/\/api.w.org\/{rel}","templated":true}]}}