{"id":466395,"date":"2025-06-01T01:03:48","date_gmt":"2025-05-31T23:03:48","guid":{"rendered":"https:\/\/lucacastelli.com\/prodotto\/fahrzeug-reinigungsset\/"},"modified":"2025-06-28T03:52:18","modified_gmt":"2025-06-28T01:52:18","slug":"fahrzeug-reinigungsset","status":"publish","type":"product","link":"https:\/\/lucacastelli.com\/de\/produkt\/fahrzeug-reinigungsset\/","title":{"rendered":"STIHL Fahrzeug-Reinigungsset"},"content":{"rendered":"<p>Bestehend aus Waschb\u00fcrste, Fahrzeugd\u00fcse und Winkeld\u00fcse (90\u00b0)<br \/>\n886661861927<\/p>\n","protected":false},"excerpt":{"rendered":"<p>Fahrzeug-Reinigungsset<\/p>\n","protected":false},"featured_media":455944,"template":"","meta":{"_seopress_robots_primary_cat":"","_seopress_titles_title":"","_seopress_titles_desc":"","_seopress_robots_index":""},"product_brand":[3554],"product_cat":[1454,1512,169],"product_tag":[3266],"class_list":{"0":"post-466395","1":"product","2":"type-product","3":"status-publish","4":"has-post-thumbnail","6":"product_brand-stihl-de","7":"product_cat-andere-gerate","8":"product_cat-hochdruckreiniger","9":"product_cat-maschinen","10":"product_tag-import-stihl-de","11":"sws-gruppo-macchinari-de","12":"sws-conto-ricavi-merci-rivendita-macchinari-de","13":"sws-gruppo-iva-iva81-de","15":"first","16":"onbackorder","17":"purchasable","18":"product-type-simple"},"_links":{"self":[{"href":"https:\/\/lucacastelli.com\/de\/wp-json\/wp\/v2\/product\/466395","targetHints":{"allow":["GET"]}}],"collection":[{"href":"https:\/\/lucacastelli.com\/de\/wp-json\/wp\/v2\/product"}],"about":[{"href":"https:\/\/lucacastelli.com\/de\/wp-json\/wp\/v2\/types\/product"}],"wp:featuredmedia":[{"embeddable":true,"href":"https:\/\/lucacastelli.com\/de\/wp-json\/wp\/v2\/media\/455944"}],"wp:attachment":[{"href":"https:\/\/lucacastelli.com\/de\/wp-json\/wp\/v2\/media?parent=466395"}],"wp:term":[{"taxonomy":"product_brand","embeddable":true,"href":"https:\/\/lucacastelli.com\/de\/wp-json\/wp\/v2\/product_brand?post=466395"},{"taxonomy":"product_cat","embeddable":true,"href":"https:\/\/lucacastelli.com\/de\/wp-json\/wp\/v2\/product_cat?post=466395"},{"taxonomy":"product_tag","embeddable":true,"href":"https:\/\/lucacastelli.com\/de\/wp-json\/wp\/v2\/product_tag?post=466395"}],"curies":[{"name":"wp","href":"https:\/\/api.w.org\/{rel}","templated":true}]}}