{"id":466377,"date":"2025-06-01T01:00:29","date_gmt":"2025-05-31T23:00:29","guid":{"rendered":"https:\/\/lucacastelli.com\/prodotto\/teleskop-verlaengerungshuelse\/"},"modified":"2025-06-28T19:06:16","modified_gmt":"2025-06-28T17:06:16","slug":"teleskop-verlaengerungshuelse","status":"publish","type":"product","link":"https:\/\/lucacastelli.com\/de\/produkt\/teleskop-verlaengerungshuelse\/","title":{"rendered":"STIHL Teleskop-Verl\u00e4ngerungsh\u00fclse"},"content":{"rendered":"<p>Teleskop-Verl\u00e4ngerungsh\u00fclse, f\u00fcr SE 33 SE 133 ME.<br \/>\n886661150700<\/p>\n","protected":false},"excerpt":{"rendered":"<p>Teleskop-Verl\u00e4ngerungsh\u00fclse<\/p>\n","protected":false},"featured_media":431540,"template":"","meta":{"_seopress_robots_primary_cat":"","_seopress_titles_title":"","_seopress_titles_desc":"","_seopress_robots_index":""},"product_brand":[3554],"product_cat":[169,1454,1455,1475],"product_tag":[3266],"class_list":{"0":"post-466377","1":"product","2":"type-product","3":"status-publish","4":"has-post-thumbnail","6":"product_brand-stihl-de","7":"product_cat-maschinen","8":"product_cat-andere-gerate","9":"product_cat-zubehor-und-verbrauchsmaterial-de","10":"product_cat-staubsauger","11":"product_tag-import-stihl-de","12":"sws-gruppo-macchinari-de","13":"sws-conto-ricavi-merci-rivendita-macchinari-de","14":"sws-gruppo-iva-iva81-de","16":"first","17":"onbackorder","18":"purchasable","19":"product-type-simple"},"_links":{"self":[{"href":"https:\/\/lucacastelli.com\/de\/wp-json\/wp\/v2\/product\/466377","targetHints":{"allow":["GET"]}}],"collection":[{"href":"https:\/\/lucacastelli.com\/de\/wp-json\/wp\/v2\/product"}],"about":[{"href":"https:\/\/lucacastelli.com\/de\/wp-json\/wp\/v2\/types\/product"}],"wp:featuredmedia":[{"embeddable":true,"href":"https:\/\/lucacastelli.com\/de\/wp-json\/wp\/v2\/media\/431540"}],"wp:attachment":[{"href":"https:\/\/lucacastelli.com\/de\/wp-json\/wp\/v2\/media?parent=466377"}],"wp:term":[{"taxonomy":"product_brand","embeddable":true,"href":"https:\/\/lucacastelli.com\/de\/wp-json\/wp\/v2\/product_brand?post=466377"},{"taxonomy":"product_cat","embeddable":true,"href":"https:\/\/lucacastelli.com\/de\/wp-json\/wp\/v2\/product_cat?post=466377"},{"taxonomy":"product_tag","embeddable":true,"href":"https:\/\/lucacastelli.com\/de\/wp-json\/wp\/v2\/product_tag?post=466377"}],"curies":[{"name":"wp","href":"https:\/\/api.w.org\/{rel}","templated":true}]}}