{"id":466362,"date":"2025-06-01T01:04:00","date_gmt":"2025-05-31T23:04:00","guid":{"rendered":"https:\/\/lucacastelli.com\/prodotto\/rohrreinigungs-set\/"},"modified":"2025-10-16T18:35:11","modified_gmt":"2025-10-16T16:35:11","slug":"rohrreinigungs-set","status":"publish","type":"product","link":"https:\/\/lucacastelli.com\/de\/produkt\/rohrreinigungs-set\/","title":{"rendered":"STIHL Rohrreinigungs-Set"},"content":{"rendered":"<p>L\u00e4nge 15 m. Geeignet f\u00fcr Rohre mit kleinem Durchmesser. Mit D\u00fcse.<br \/>\n886661862009  <\/p>\n","protected":false},"excerpt":{"rendered":"<p>Rohrreinigungs-Set<\/p>\n","protected":false},"featured_media":431605,"template":"","meta":{"_seopress_robots_primary_cat":"","_seopress_titles_title":"","_seopress_titles_desc":"","_seopress_robots_index":""},"product_brand":[3366],"product_cat":[29,514,515,519],"product_tag":[3265],"class_list":{"0":"post-466362","1":"product","2":"type-product","3":"status-publish","4":"has-post-thumbnail","6":"product_brand-stihl","7":"product_cat-macchinari","8":"product_cat-altri-dispositivi","9":"product_cat-accessori-e-materiale-di-consumo-altri-dispositivi","10":"product_cat-idropulitrici","11":"product_tag-import-stihl","12":"sws-gruppo-macchinari-de","13":"sws-conto-ricavi-merci-rivendita-macchinari-de","14":"sws-gruppo-iva-iva81-de","16":"first","17":"onbackorder","18":"purchasable","19":"product-type-simple"},"_links":{"self":[{"href":"https:\/\/lucacastelli.com\/de\/wp-json\/wp\/v2\/product\/466362","targetHints":{"allow":["GET"]}}],"collection":[{"href":"https:\/\/lucacastelli.com\/de\/wp-json\/wp\/v2\/product"}],"about":[{"href":"https:\/\/lucacastelli.com\/de\/wp-json\/wp\/v2\/types\/product"}],"wp:featuredmedia":[{"embeddable":true,"href":"https:\/\/lucacastelli.com\/de\/wp-json\/wp\/v2\/media\/431605"}],"wp:attachment":[{"href":"https:\/\/lucacastelli.com\/de\/wp-json\/wp\/v2\/media?parent=466362"}],"wp:term":[{"taxonomy":"product_brand","embeddable":true,"href":"https:\/\/lucacastelli.com\/de\/wp-json\/wp\/v2\/product_brand?post=466362"},{"taxonomy":"product_cat","embeddable":true,"href":"https:\/\/lucacastelli.com\/de\/wp-json\/wp\/v2\/product_cat?post=466362"},{"taxonomy":"product_tag","embeddable":true,"href":"https:\/\/lucacastelli.com\/de\/wp-json\/wp\/v2\/product_tag?post=466362"}],"curies":[{"name":"wp","href":"https:\/\/api.w.org\/{rel}","templated":true}]}}