{"id":466352,"date":"2025-06-27T08:04:59","date_gmt":"2025-06-27T06:04:59","guid":{"rendered":"https:\/\/lucacastelli.com\/prodotto\/stihl-al-301-schnellladegeraet\/"},"modified":"2026-04-12T15:35:53","modified_gmt":"2026-04-12T13:35:53","slug":"stihl-al-301-schnellladegeraet","status":"publish","type":"product","link":"https:\/\/lucacastelli.com\/de\/produkt\/stihl-al-301-schnellladegeraet\/","title":{"rendered":"STIHL AL 301 Schnelllader"},"content":{"rendered":"<p>230 V. F\u00fcr k\u00fcrzere Ladezeiten von STIHL AK, AP und AR L Akkus. Wandhalterung und Kabeltrommel an der Unterseite des Geh\u00e4uses. Mit LED-Anzeige des Betriebszustands und aktiver Batteriek\u00fchlung. <\/p>\n","protected":false},"excerpt":{"rendered":"<p>230 V. F\u00fcr k\u00fcrzere Ladezeiten von STIHL AK, AP und AR L Akkus. Wandhalterung und Kabeltrommel an der Unterseite des<\/p>\n","protected":false},"featured_media":466350,"template":"","meta":{"_seopress_robots_primary_cat":"none","_seopress_titles_title":"","_seopress_titles_desc":"","_seopress_robots_index":""},"product_brand":[3366],"product_cat":[29,491],"product_tag":[],"class_list":{"0":"post-466352","1":"product","2":"type-product","3":"status-publish","4":"has-post-thumbnail","6":"product_brand-stihl","7":"product_cat-macchinari","8":"product_cat-accessori-sistemi-a-batteria","9":"sws-gruppo-macchinari-de","10":"sws-conto-ricavi-merci-rivendita-macchinari-de","11":"sws-gruppo-iva-iva81-de","13":"first","14":"onbackorder","15":"shipping-taxable","16":"purchasable","17":"product-type-simple"},"_links":{"self":[{"href":"https:\/\/lucacastelli.com\/de\/wp-json\/wp\/v2\/product\/466352","targetHints":{"allow":["GET"]}}],"collection":[{"href":"https:\/\/lucacastelli.com\/de\/wp-json\/wp\/v2\/product"}],"about":[{"href":"https:\/\/lucacastelli.com\/de\/wp-json\/wp\/v2\/types\/product"}],"wp:featuredmedia":[{"embeddable":true,"href":"https:\/\/lucacastelli.com\/de\/wp-json\/wp\/v2\/media\/466350"}],"wp:attachment":[{"href":"https:\/\/lucacastelli.com\/de\/wp-json\/wp\/v2\/media?parent=466352"}],"wp:term":[{"taxonomy":"product_brand","embeddable":true,"href":"https:\/\/lucacastelli.com\/de\/wp-json\/wp\/v2\/product_brand?post=466352"},{"taxonomy":"product_cat","embeddable":true,"href":"https:\/\/lucacastelli.com\/de\/wp-json\/wp\/v2\/product_cat?post=466352"},{"taxonomy":"product_tag","embeddable":true,"href":"https:\/\/lucacastelli.com\/de\/wp-json\/wp\/v2\/product_tag?post=466352"}],"curies":[{"name":"wp","href":"https:\/\/api.w.org\/{rel}","templated":true}]}}