{"id":466316,"date":"2025-05-31T22:31:29","date_gmt":"2025-05-31T20:31:29","guid":{"rendered":"https:\/\/lucacastelli.com\/prodotto\/sea-20-set-mit-as-2-und-al-1\/"},"modified":"2025-06-27T08:10:56","modified_gmt":"2025-06-27T06:10:56","slug":"sea-20-set-mit-as-2-und-al-1","status":"publish","type":"product","link":"https:\/\/lucacastelli.com\/de\/produkt\/sea-20-set-mit-as-2-und-al-1\/","title":{"rendered":"SEA 20, Set mit AS 2 und AL 1"},"content":{"rendered":"<p>Praktischer Akku-Handstaubsauger zum Staubsaugen und Reinigen von kleinen trockenen Fl\u00e4chen in der Garage, Werkstatt oder im Auto. Mit herausnehmbarem Auffangbeh\u00e4lter f\u00fcr einfaches Entleeren und Reinigen. Fugend\u00fcse und Universald\u00fcse mit abnehmbarem Borstenaufsatz f\u00fcr unterschiedliche Anwendungen. Die Verriegelungsl\u00f6sung erm\u00f6glicht einen kontinuierlichen Betrieb, ohne dass der Schalthebel gedr\u00fcckt gehalten werden muss. Sehr gute Filterwirkung durch das zweistufige Filtersystem. Der Ladezustand des AS 2 Akkus ist \u00fcber eine LED-Anzeige auf Knopfdruck sichtbar.<br \/>\n886661968039     <\/p>\n<p>Nennspannung 11<br \/>\nLeistungsaufnahme Leistungsaufnahme<\/p>\n<p>Batteriesystem Batteriesystem Ger\u00e4tegewicht<br \/>\n1,1<br \/>\nMax. Unterdruck am Rohrende 65<\/p>\n","protected":false},"excerpt":{"rendered":"<p>SEA 20, Set mit AS 2 und AL 1<\/p>\n","protected":false},"featured_media":422473,"template":"","meta":{"_seopress_robots_primary_cat":"","_seopress_titles_title":"","_seopress_titles_desc":"","_seopress_robots_index":""},"product_brand":[3554],"product_cat":[1454,169,1475],"product_tag":[3266],"class_list":{"0":"post-466316","1":"product","2":"type-product","3":"status-publish","4":"has-post-thumbnail","6":"product_brand-stihl-de","7":"product_cat-andere-gerate","8":"product_cat-maschinen","9":"product_cat-staubsauger","10":"product_tag-import-stihl-de","11":"sws-gruppo-macchinari-de","12":"sws-conto-ricavi-merci-rivendita-macchinari-de","13":"sws-gruppo-iva-iva81-de","15":"first","16":"onbackorder","17":"purchasable","18":"product-type-simple"},"_links":{"self":[{"href":"https:\/\/lucacastelli.com\/de\/wp-json\/wp\/v2\/product\/466316","targetHints":{"allow":["GET"]}}],"collection":[{"href":"https:\/\/lucacastelli.com\/de\/wp-json\/wp\/v2\/product"}],"about":[{"href":"https:\/\/lucacastelli.com\/de\/wp-json\/wp\/v2\/types\/product"}],"wp:featuredmedia":[{"embeddable":true,"href":"https:\/\/lucacastelli.com\/de\/wp-json\/wp\/v2\/media\/422473"}],"wp:attachment":[{"href":"https:\/\/lucacastelli.com\/de\/wp-json\/wp\/v2\/media?parent=466316"}],"wp:term":[{"taxonomy":"product_brand","embeddable":true,"href":"https:\/\/lucacastelli.com\/de\/wp-json\/wp\/v2\/product_brand?post=466316"},{"taxonomy":"product_cat","embeddable":true,"href":"https:\/\/lucacastelli.com\/de\/wp-json\/wp\/v2\/product_cat?post=466316"},{"taxonomy":"product_tag","embeddable":true,"href":"https:\/\/lucacastelli.com\/de\/wp-json\/wp\/v2\/product_tag?post=466316"}],"curies":[{"name":"wp","href":"https:\/\/api.w.org\/{rel}","templated":true}]}}