{"id":466315,"date":"2025-05-31T22:31:26","date_gmt":"2025-05-31T20:31:26","guid":{"rendered":"https:\/\/lucacastelli.com\/prodotto\/sha-56-ohne-ac-und-ladegeraet\/"},"modified":"2025-11-11T08:19:04","modified_gmt":"2025-11-11T07:19:04","slug":"sha-56-ohne-ac-und-ladegeraet","status":"publish","type":"product","link":"https:\/\/lucacastelli.com\/de\/produkt\/sha-56-ohne-ac-und-ladegeraet\/","title":{"rendered":"SHA 56, ohne AC und Ladeger\u00e4t"},"content":{"rendered":"<p>pSaugen, hacken oder blasen: Der SHA 56 des AK-Systems bietet drei Funktionen in einem Ger\u00e4t. Das praktische Kombiger\u00e4t ist vielseitig einsetzbar. Laub oder Schmutz k\u00f6nnen schnell und effektiv von Rasenfl\u00e4chen, H\u00f6fen und Einfahrten entfernt werden. F\u00fcr die Umr\u00fcstung von der Saugfunktion auf das Blasen ist kein Werkzeug erforderlich. Der innovative Schwenkgriff mit integriertem Luftgeschwindigkeitsregler sorgt f\u00fcr eine ergonomische Haltung in allen Arbeitsmodi. Ein robuster Schneidstern aus Metall zerkleinert das vakuumierte Material zuverl\u00e4ssig. Dank des zus\u00e4tzlichen Durchmessers der L\u00fcfter\u00f6ffnung kann das Ger\u00e4t schnell gereinigt werden, wenn es verschmutzt ist. Ein Geh\u00f6rschutz ist bei SHA 56 nicht erforderlich.\/p<br \/>\n886661624492       <\/p>\n<p>Nennspannung 36<br \/>\nBatteriesystem Batteriesystem<\/p>\n<p>Empfohlener Akku Empfohlener<br \/>\nAkku Ger\u00e4tegewicht 4,2<br \/>\nMax. Luftgeschwindigkeit mit Rundd\u00fcse 56,0<\/p>\n","protected":false},"excerpt":{"rendered":"<p>SHA 56, ohne AC und Ladeger\u00e4t<\/p>\n","protected":false},"featured_media":422434,"template":"","meta":{"_seopress_robots_primary_cat":"none","_seopress_titles_title":"","_seopress_titles_desc":"","_seopress_robots_index":""},"product_brand":[3366],"product_cat":[29,485,497],"product_tag":[3265],"class_list":{"0":"post-466315","1":"product","2":"type-product","3":"status-publish","4":"has-post-thumbnail","6":"product_brand-stihl","7":"product_cat-macchinari","8":"product_cat-soffiatori-e-aspiratori","9":"product_cat-aspiratore-trituratore","10":"product_tag-import-stihl","11":"sws-gruppo-abb-libero-de","12":"sws-conto-ricavi-merci-rivendita-macchinari-de","13":"sws-gruppo-iva-iva81-de","15":"first","16":"onbackorder","17":"purchasable","18":"product-type-simple"},"_links":{"self":[{"href":"https:\/\/lucacastelli.com\/de\/wp-json\/wp\/v2\/product\/466315","targetHints":{"allow":["GET"]}}],"collection":[{"href":"https:\/\/lucacastelli.com\/de\/wp-json\/wp\/v2\/product"}],"about":[{"href":"https:\/\/lucacastelli.com\/de\/wp-json\/wp\/v2\/types\/product"}],"wp:featuredmedia":[{"embeddable":true,"href":"https:\/\/lucacastelli.com\/de\/wp-json\/wp\/v2\/media\/422434"}],"wp:attachment":[{"href":"https:\/\/lucacastelli.com\/de\/wp-json\/wp\/v2\/media?parent=466315"}],"wp:term":[{"taxonomy":"product_brand","embeddable":true,"href":"https:\/\/lucacastelli.com\/de\/wp-json\/wp\/v2\/product_brand?post=466315"},{"taxonomy":"product_cat","embeddable":true,"href":"https:\/\/lucacastelli.com\/de\/wp-json\/wp\/v2\/product_cat?post=466315"},{"taxonomy":"product_tag","embeddable":true,"href":"https:\/\/lucacastelli.com\/de\/wp-json\/wp\/v2\/product_tag?post=466315"}],"curies":[{"name":"wp","href":"https:\/\/api.w.org\/{rel}","templated":true}]}}