{"id":466275,"date":"2025-05-31T23:02:09","date_gmt":"2025-05-31T21:02:09","guid":{"rendered":"https:\/\/lucacastelli.com\/prodotto\/rma-239-c-ohne-akku-oder-ladegeraet\/"},"modified":"2025-09-10T11:28:00","modified_gmt":"2025-09-10T09:28:00","slug":"rma-239-c-ohne-akku-oder-ladegeraet","status":"publish","type":"product","link":"https:\/\/lucacastelli.com\/de\/produkt\/rma-239-c-ohne-akku-oder-ladegeraet\/","title":{"rendered":"STIHL RMA 239 C, ohne Akku oder Ladeger\u00e4t"},"content":{"rendered":"<h2 class=\"product-details__title\">F\u00fcr effizientes und komfortables Arbeiten<\/h2>\n<div class=\"product-details__description richtexteditor\">Wenn Sie als Gartenbesitzer diesen bequem und emissionsfrei pflegen m\u00f6chten, dann ist der Akku-Rasenm\u00e4her STIHL RMA 239 C genau das Richtige f\u00fcr Sie. Mit den Akkus des STIHL AK Systems \u00fcberzeugt er durch sein geringes Gewicht und seine hohe Effizienz auf mittelgro\u00dfen Rasenfl\u00e4chen. Die str\u00f6mungsoptimierte Klinge erm\u00f6glicht es Ihnen, energiesparend zu arbeiten und eine hohe Leistung zu erzielen. Das Polymergeh\u00e4use des RMA 239 C ist leicht und gleichzeitig sehr robust. Der Komfortlenker l\u00e4sst sich in der H\u00f6he verstellen, was das Arbeiten mit dem Rasenm\u00e4her komfortabler und geschmeidiger macht. Mit der zentralen Schnitth\u00f6henverstellung k\u00f6nnen Sie die gew\u00fcnschte L\u00e4nge Ihres Rasens in 5 Stufen von 30 mm bis 70 mm einstellen.     <\/div>\n<div><\/div>\n<div><\/div>\n<div>TECHNISCHE DATEN<\/div>\n<div><\/div>\n<table data-test-id=\"pdp-spec-tech-table\">\n<tbody>\n<tr>\n<td>Nennleistung<\/td>\n<td>900 W<\/td>\n<\/tr>\n<tr>\n<td>Batteriesystem<\/td>\n<td>AK<\/td>\n<\/tr>\n<tr>\n<td>\u00dcbertragung<\/td>\n<td>&#8212;<\/td>\n<\/tr>\n<tr>\n<td>Gewicht des Ger\u00e4tes ohne Akku<\/td>\n<td>ca. 15 kg<\/td>\n<\/tr>\n<tr>\n<td>Schnittbreite<\/td>\n<td>37 cm<\/td>\n<\/tr>\n<tr>\n<td>Schnitth\u00f6he<\/td>\n<td>30 &#8211; 70 mm<\/td>\n<\/tr>\n<tr>\n<td>Verstellung der Schnitth\u00f6he<\/td>\n<td>5-fach (zentral)<\/td>\n<\/tr>\n<tr>\n<td>Nenndrehzahl des Werkst\u00fccks<\/td>\n<td>3350 U\/min<\/td>\n<\/tr>\n<tr>\n<td>IP-Schutzart<\/td>\n<td>IPX1<\/td>\n<\/tr>\n<tr>\n<td>Maximaler Bereich zum Aufladen der AK 10<\/td>\n<p> Batterie<\/p>\n<td>ca. 120 m\u00b2 <sup>1)<\/sup><\/td>\n<\/tr>\n<tr>\n<td>Maximale Fl\u00e4che zum Aufladen der AK 20<\/td>\n<p> Batterie<\/p>\n<td>ca. 250 m\u00b2 <sup>1)<\/sup><\/td>\n<\/tr>\n<tr>\n<td>Max. Ladefl\u00e4che f\u00fcr den Akku AK 30<\/td>\n<td>330 m\u00b2 <sup>1)<\/sup><\/td>\n<\/tr>\n<tr>\n<td>Maximale Fl\u00e4che pro Batterieladung AK 30 S<\/td>\n<td>330 m\u00b2 <sup>1)<\/sup><\/td>\n<\/tr>\n<tr>\nFassungsverm\u00f6gen der <\/p>\n<td>Grassammelbox<\/td>\n<td>40 l<\/td>\n<\/tr>\n<tr>\n<td>Ger\u00e4tebreite ohne Anbauteile<\/td>\n<td>43 cm<\/td>\n<\/tr>\n<tr>\n<td>\n Maximale Ger\u00e4teh\u00f6he<\/td>\n<td>ca. 107 cm<\/td>\n<\/tr>\n<tr>\nDurchmesser <\/p>\n<td>des Vorderrads<\/td>\n<td>ca. 150 mm<\/td>\n<\/tr>\n<tr>\nDurchmesser <\/p>\n<td>des Hinterrads<\/td>\n<td>ca. 180 mm<\/td>\n<\/tr>\n<tr>\n<td>Gemessener Schalldruckpegel LpA<\/td>\n<td>76 dB(A)<\/td>\n<\/tr>\n<tr>\n<td>Garantierter Schallleistungspegel LWA<\/td>\n<td>91 dB(A)<\/td>\n<\/tr>\n<tr>\n<td>Schalldruckpegel Unsicherheitsfaktor KpA<\/td>\n<td>2 dB(A) <sup>2)<\/sup><\/td>\n<\/tr>\n<tr>\n<td>Vibration Lenker AHW<\/td>\n<td>1,4 m\/s\u00b2<\/td>\n<\/tr>\n<tr>\n<td>Schwingungsunsicherheit K<\/td>\n<td>0,7 m\/s\u00b2 <sup>2)<\/sup><\/td>\n<\/tr>\n<\/tbody>\n<\/table>\n","protected":false},"excerpt":{"rendered":"<p>RMA 239 C, ohne Akku oder Ladeger\u00e4t<\/p>\n","protected":false},"featured_media":424161,"template":"","meta":{"_seopress_robots_primary_cat":"none","_seopress_titles_title":"","_seopress_titles_desc":"","_seopress_robots_index":""},"product_brand":[3366],"product_cat":[29,262,488],"product_tag":[3265],"class_list":{"0":"post-466275","1":"product","2":"type-product","3":"status-publish","4":"has-post-thumbnail","6":"product_brand-stihl","7":"product_cat-macchinari","8":"product_cat-tosaerba-e-robot","9":"product_cat-tosaerba-a-batteria","10":"product_tag-import-stihl","11":"sws-gruppo-macchinari-de","12":"sws-conto-ricavi-merci-rivendita-macchinari-de","13":"sws-gruppo-iva-iva81-de","15":"first","16":"onbackorder","17":"purchasable","18":"product-type-simple"},"_links":{"self":[{"href":"https:\/\/lucacastelli.com\/de\/wp-json\/wp\/v2\/product\/466275","targetHints":{"allow":["GET"]}}],"collection":[{"href":"https:\/\/lucacastelli.com\/de\/wp-json\/wp\/v2\/product"}],"about":[{"href":"https:\/\/lucacastelli.com\/de\/wp-json\/wp\/v2\/types\/product"}],"wp:featuredmedia":[{"embeddable":true,"href":"https:\/\/lucacastelli.com\/de\/wp-json\/wp\/v2\/media\/424161"}],"wp:attachment":[{"href":"https:\/\/lucacastelli.com\/de\/wp-json\/wp\/v2\/media?parent=466275"}],"wp:term":[{"taxonomy":"product_brand","embeddable":true,"href":"https:\/\/lucacastelli.com\/de\/wp-json\/wp\/v2\/product_brand?post=466275"},{"taxonomy":"product_cat","embeddable":true,"href":"https:\/\/lucacastelli.com\/de\/wp-json\/wp\/v2\/product_cat?post=466275"},{"taxonomy":"product_tag","embeddable":true,"href":"https:\/\/lucacastelli.com\/de\/wp-json\/wp\/v2\/product_tag?post=466275"}],"curies":[{"name":"wp","href":"https:\/\/api.w.org\/{rel}","templated":true}]}}