{"id":466266,"date":"2025-05-31T22:32:33","date_gmt":"2025-05-31T20:32:33","guid":{"rendered":"https:\/\/lucacastelli.com\/prodotto\/imow-7-evo\/"},"modified":"2025-05-31T22:32:33","modified_gmt":"2025-05-31T20:32:33","slug":"imow-7-evo","status":"publish","type":"product","link":"https:\/\/lucacastelli.com\/de\/produkt\/imow-7-evo\/","title":{"rendered":"iMOW 7 EVO"},"content":{"rendered":"<p>Der pSTIHL iMOW\u00ae 7 EVO bietet Ihnen eine effiziente Unterst\u00fctzung, wenn Sie Ihren Rasen auf gro\u00dfen privaten Fl\u00e4chen vollautomatisch pflegen m\u00f6chten. Angetrieben von einem leistungsstarken Lithium-Ionen-Akku erzielen die 3 frei rotierenden Klingen des Disc-Cut-Systems einen sauberen Schnitt bei hoher Klingengeschwindigkeit. Auf Rasenfl\u00e4chen von bis zu 5.000 m\u00b2 Fl\u00e4che bew\u00e4ltigt der STIHL iMOW\u00ae 7 EVO effizient Steigungen von bis zu 45 %, zum Beispiel beim M\u00e4hen in Hanglagen. Der iMOW\u00ae 7 EVO mulcht so, dass das zerkleinerte Gras als D\u00fcnger f\u00fcr den Rasen wiederverwendet wird. Ein optionales Upgrade-Kit erm\u00f6glicht zudem Steigungen von bis zu 60 %. Dank verschiedener Sensoren n\u00e4hert sich der Roboter mit kontrollierter Geschwindigkeit sanft Hindernissen, sodass der Rasen in unmittelbarer N\u00e4he des Objekts geschnitten wird und automatisch die Richtung \u00e4ndert. Du kannst dein STIHL iMOW\u00ae 7 EVO jederzeit \u00fcber die MY iMOW\u00ae App entweder \u00fcber Bluetooth\u00ae oder WLAN, aber auch \u00fcber Mobilfunk steuern. Au\u00dferhalb Ihres Wohnbereichs k\u00f6nnen Sie einen Alarm verwenden, um Diebstahl zu lokalisieren oder den Standort des Roboters zu bestimmen. Auch die Schnitth\u00f6he k\u00f6nnen Sie \u00fcber die App in verschiedenen Stufen individuell einstellen. Mit dem Schneidprogramm k\u00f6nnen Sie auch Zeitfenster f\u00fcr Wochenpl\u00e4ne definieren, in denen Ihr STIHL iMOW\u00ae 7 EVO automatisch aktiviert wird. Bei Regenwetter k\u00f6nnen Sie dank des individuell einstellbaren Sensors bestimmen, ob der Rasen gem\u00e4ht werden muss oder ob der Roboter pausiert werden muss. Die Dockingstation dient als Basis f\u00fcr den robotnbsp; und zum Aufladen. F\u00fcr die Installation wird je nach Gr\u00f6\u00dfe des Gartens das passende Installationskit ben\u00f6tigt. STIHL iMOW\u00ae M\u00e4hroboter erf\u00fcllen alle Sicherheitsstandards. Ein Spielzeug ist der iMOW-Roboter\u00ae jedoch nicht: Wenn er aktiv ist, halten Sie Kinder, Zuschauer und Tiere vom Arbeitsbereich fern.<br \/>\n886661677177<\/p>\n<p>AAI-Batteriesystem<br \/>\nGer\u00e4tegewicht Ger\u00e4tegewicht<\/p>\n<p>Maximale Steigung Maximale<br \/>\nSteigung Maximale Neigung mit Kit f\u00fcr absch\u00fcssiges Gel\u00e4nde 55<br \/>\nSchnittbreite 28<\/p>\n","protected":false},"excerpt":{"rendered":"<p>iMOW 7 EVO<\/p>\n","protected":false},"featured_media":422644,"template":"","meta":{"_seopress_robots_primary_cat":"","_seopress_titles_title":"","_seopress_titles_desc":"","_seopress_robots_index":""},"product_brand":[3366],"product_cat":[29,262,278],"product_tag":[3265],"class_list":{"0":"post-466266","1":"product","2":"type-product","3":"status-publish","4":"has-post-thumbnail","6":"product_brand-stihl","7":"product_cat-macchinari","8":"product_cat-tosaerba-e-robot","9":"product_cat-robot-tosaerba","10":"product_tag-import-stihl","11":"sws-gruppo-macchinari-de","12":"sws-conto-ricavi-merci-rivendita-macchinari-de","13":"sws-gruppo-iva-iva81-de","15":"first","16":"onbackorder","17":"purchasable","18":"product-type-simple"},"_links":{"self":[{"href":"https:\/\/lucacastelli.com\/de\/wp-json\/wp\/v2\/product\/466266","targetHints":{"allow":["GET"]}}],"collection":[{"href":"https:\/\/lucacastelli.com\/de\/wp-json\/wp\/v2\/product"}],"about":[{"href":"https:\/\/lucacastelli.com\/de\/wp-json\/wp\/v2\/types\/product"}],"wp:featuredmedia":[{"embeddable":true,"href":"https:\/\/lucacastelli.com\/de\/wp-json\/wp\/v2\/media\/422644"}],"wp:attachment":[{"href":"https:\/\/lucacastelli.com\/de\/wp-json\/wp\/v2\/media?parent=466266"}],"wp:term":[{"taxonomy":"product_brand","embeddable":true,"href":"https:\/\/lucacastelli.com\/de\/wp-json\/wp\/v2\/product_brand?post=466266"},{"taxonomy":"product_cat","embeddable":true,"href":"https:\/\/lucacastelli.com\/de\/wp-json\/wp\/v2\/product_cat?post=466266"},{"taxonomy":"product_tag","embeddable":true,"href":"https:\/\/lucacastelli.com\/de\/wp-json\/wp\/v2\/product_tag?post=466266"}],"curies":[{"name":"wp","href":"https:\/\/api.w.org\/{rel}","templated":true}]}}