{"id":466263,"date":"2025-05-31T22:32:27","date_gmt":"2025-05-31T20:32:27","guid":{"rendered":"https:\/\/lucacastelli.com\/prodotto\/imow-6-evo\/"},"modified":"2025-05-31T22:32:27","modified_gmt":"2025-05-31T20:32:27","slug":"imow-6-evo","status":"publish","type":"product","link":"https:\/\/lucacastelli.com\/de\/produkt\/imow-6-evo\/","title":{"rendered":"iMOW 6 EVO"},"content":{"rendered":"<p>Der STIHL iMOW\u00ae 6 EVO mit leistungsstarkem Lithium-Ionen-Akku ist eine gute Wahl f\u00fcr das vollautomatische M\u00e4hen gro\u00dfer Rasenfl\u00e4chen. Er k\u00fcmmert sich vollautomatisch und selbstst\u00e4ndig um den Rasen. Mit den 3 frei rotierenden Klingen des Disc-Cut-Systems erzielen Sie dank der hohen S\u00e4geblattgeschwindigkeit einen sauberen Schnitt. Der Roboter bew\u00e4ltigt auch effizient Steigungen bis hin zum Kontakt mit einem Hindernis. Objekte werden in kontrollierter Geschwindigkeit n\u00e4her zusammengebracht, so dass der Rasen in unmittelbarer N\u00e4he geschnitten wird. Intelligente Wendeman\u00f6ver k\u00f6nnen auch genutzt werden, um auf engstem Raum effektiv zu arbeiten. Auf unebenem Gel\u00e4nde wird die Geschwindigkeit angepasst, so dass auch in diesem Fall ein gleichm\u00e4\u00dfiges Ergebnis erzielt wird. Die Bedienung erfolgt einfach und intuitiv \u00fcber das Bedienfeld mit nur wenigen Tasten, unterst\u00fctzt auch per Sprachausgabe. Der aktuelle Status des M\u00e4hroboters wird \u00fcber die LED-Heckleiste und die LED-Matrix-Lichtmuster auf der Oberseite des Geh\u00e4uses angezeigt. Das Tagfahrlicht im vorderen LED-Streifen kann in 3 verschiedenen Modi gew\u00e4hlt werden. Mit der MY iMOW\u00ae App kannst du deinen M\u00e4hroboter neben Bluetooth\u00ae und WLAN jederzeit steuern, wenn sich das Ger\u00e4t au\u00dferhalb deines Wohnbereichs bewegt. Auch die Schnitth\u00f6he k\u00f6nnen Sie individuell in verschiedenen Stufen einstellen. Auch au\u00dferhalb des Wohnbereichs kann ein Alarm den Diebstahl lokalisieren oder den Standort des Roboters bestimmen. Bei Bedarf k\u00f6nnen Sie STIHL iMOW\u00ae6 auch manuell starten.<br \/>\n886661677054<\/p>\n<p>AAI-Batteriesystem<br \/>\nGer\u00e4tegewicht Ger\u00e4tegewicht<\/p>\n<p>Maximale Steigung Maximale<br \/>\nSteigung Maximale Neigung mit Kit f\u00fcr absch\u00fcssiges Gel\u00e4nde 55<br \/>\nSchnittbreite 28<\/p>\n","protected":false},"excerpt":{"rendered":"<p>iMOW 6 EVO<\/p>\n","protected":false},"featured_media":422619,"template":"","meta":{"_seopress_robots_primary_cat":"","_seopress_titles_title":"","_seopress_titles_desc":"","_seopress_robots_index":""},"product_brand":[3554],"product_cat":[169,1656,1663],"product_tag":[3266],"class_list":{"0":"post-466263","1":"product","2":"type-product","3":"status-publish","4":"has-post-thumbnail","6":"product_brand-stihl-de","7":"product_cat-maschinen","8":"product_cat-rasenmaher-und-roboter","9":"product_cat-rasenmaher-roboter","10":"product_tag-import-stihl-de","11":"sws-gruppo-macchinari-de","12":"sws-conto-ricavi-merci-rivendita-macchinari-de","13":"sws-gruppo-iva-iva81-de","15":"first","16":"onbackorder","17":"purchasable","18":"product-type-simple"},"_links":{"self":[{"href":"https:\/\/lucacastelli.com\/de\/wp-json\/wp\/v2\/product\/466263","targetHints":{"allow":["GET"]}}],"collection":[{"href":"https:\/\/lucacastelli.com\/de\/wp-json\/wp\/v2\/product"}],"about":[{"href":"https:\/\/lucacastelli.com\/de\/wp-json\/wp\/v2\/types\/product"}],"wp:featuredmedia":[{"embeddable":true,"href":"https:\/\/lucacastelli.com\/de\/wp-json\/wp\/v2\/media\/422619"}],"wp:attachment":[{"href":"https:\/\/lucacastelli.com\/de\/wp-json\/wp\/v2\/media?parent=466263"}],"wp:term":[{"taxonomy":"product_brand","embeddable":true,"href":"https:\/\/lucacastelli.com\/de\/wp-json\/wp\/v2\/product_brand?post=466263"},{"taxonomy":"product_cat","embeddable":true,"href":"https:\/\/lucacastelli.com\/de\/wp-json\/wp\/v2\/product_cat?post=466263"},{"taxonomy":"product_tag","embeddable":true,"href":"https:\/\/lucacastelli.com\/de\/wp-json\/wp\/v2\/product_tag?post=466263"}],"curies":[{"name":"wp","href":"https:\/\/api.w.org\/{rel}","templated":true}]}}